{"id":875,"date":"2019-12-04T18:41:30","date_gmt":"2019-12-04T17:41:30","guid":{"rendered":"https:\/\/gauthierkeyaerts.com\/blog\/?page_id=875"},"modified":"2020-01-04T14:44:37","modified_gmt":"2020-01-04T13:44:37","slug":"photos","status":"publish","type":"page","link":"https:\/\/gauthierkeyaerts.com\/blog\/photos\/","title":{"rendered":"Photo \/ Vid\u00e9o"},"content":{"rendered":"<p style=\"text-align: justify;\">La photo et la vid\u00e9o\u2026 c\u2019est \u00e0 la base un r\u00e9flexe d\u2019archiviste, une sorte de carnet de notes abstrait, qui tente de capter un moment, un lieu pr\u00e9cis, un d\u00e9tail du lieu en question, et de magnifier ce d\u00e9tail, afin de lui restituer l\u2019\u00e9motion que j\u2019ai pu ressentir au moment o\u00f9 je l\u2019ai per\u00e7ue.<\/p>\n<p style=\"text-align: justify;\">J\u2019ai entam\u00e9 ce parcours en 2010, un peu par hasard, et depuis je n\u2019ai cess\u00e9 de capter des images et de vid\u00e9os au quotidien. \u00c0 la fois des archives de travail, mais aussi et surtout, une passion pour les mati\u00e8res, pour les \u201criens\u201d, les d\u00e9tails \u201cinsignifiants\u201d, pour ces pierres sans valeur, sans couleur particuli\u00e8re, pour les graffitis, les griffes sur le m\u00e9tal, la poussi\u00e8re, pour les abstractions urbaines : peintures \u00e9caill\u00e9es, moisissures, pour la nature qui reprend ses droits sur le b\u00e9ton\u2026<\/p>\n<p style=\"text-align: justify;\">Pour moi, lorsque je bascule en mode \u201cscanner\u201c, quel que soit l\u2019endroit dans le monde o\u00f9 je me trouve, quel que soit le moment de la journ\u00e9e, l\u2019environnement\u2026 j\u2019ai l\u2019impression de parcourir un mus\u00e9e d\u2019une perfection g\u00e9n\u00e9rative sublime, mod\u00e8le de tous les arts \u201cr\u00e9v\u00e9l\u00e9s\u201c.<\/p>\n<p style=\"text-align: justify;\">Je choisis aussi les motifs que je \u00ab\u00a0sample\u00a0\u00bb d\u2019une mani\u00e8re synesth\u00e9sique, lorsque je ressens la mati\u00e8re en question, quand elle mobilise en moi un sens et suscite une \u00e9motion. Voire une histoire.<\/p>\n<p style=\"text-align: justify;\">Je me sers \u00e9galement de ces \u00ab\u00a0carnets de notes\u00a0\u00bb afin de cr\u00e9er de partitions graphiques qui m\u2019inspirent des compositions, mais aussi comme support \u00e0 l\u2019\u00e9criture pour une lecture crois\u00e9e avec mes ami(e)s po\u00e8tes.<\/p>\n<p style=\"text-align: justify;\">De festival en festival, de Qu\u00e9bec \u00e0 Montr\u00e9al, de Taipei au Val d\u2019Aran, de Paris \u00e0 Bruxelles, de Carcassonne \u00e0 Hambourg\u2026 j\u2019ai toujours de quoi photographier \/ filmer ou encore enregistrer le son, \u00e0 partir de mat\u00e9riel l\u00e9ger et proche de l\u2019esprit esquisse D.I.Y.<\/p>\n<p style=\"text-align: justify;\">Je privil\u00e9gie le confort et le nomadisme \u00e0 la technique.<\/p>\n<p>&nbsp;<\/p>\n<p><iframe loading=\"lazy\" src=\"https:\/\/player.vimeo.com\/video\/316329433\" width=\"640\" height=\"360\" frameborder=\"0\" allowfullscreen=\"allowfullscreen\"><\/iframe><\/p>\n<p>Vers la section <a href=\"https:\/\/gauthierkeyaerts.com\/blog\/video\/\">vid\u00e9o<\/a>.<\/p>\n<p>Vers la section <a href=\"https:\/\/gauthierkeyaerts.com\/blog\/photo\/\">photo<\/a>.<\/p>\n","protected":false},"excerpt":{"rendered":"<p>La photo et la vid\u00e9o\u2026 c\u2019est \u00e0 la base un r\u00e9flexe d\u2019archiviste, une sorte de carnet de notes abstrait, qui tente de capter un moment, un lieu pr\u00e9cis, un d\u00e9tail du lieu en question, et de magnifier ce d\u00e9tail, afin de lui restituer l\u2019\u00e9motion que j\u2019ai pu ressentir au moment o\u00f9 je l\u2019ai per\u00e7ue. J\u2019ai [&hellip;]<\/p>\n","protected":false},"author":1,"featured_media":0,"parent":0,"menu_order":0,"comment_status":"closed","ping_status":"closed","template":"","meta":{"footnotes":""},"class_list":["post-875","page","type-page","status-publish","hentry"],"jetpack_sharing_enabled":true,"_links":{"self":[{"href":"https:\/\/gauthierkeyaerts.com\/blog\/wp-json\/wp\/v2\/pages\/875","targetHints":{"allow":["GET"]}}],"collection":[{"href":"https:\/\/gauthierkeyaerts.com\/blog\/wp-json\/wp\/v2\/pages"}],"about":[{"href":"https:\/\/gauthierkeyaerts.com\/blog\/wp-json\/wp\/v2\/types\/page"}],"author":[{"embeddable":true,"href":"https:\/\/gauthierkeyaerts.com\/blog\/wp-json\/wp\/v2\/users\/1"}],"replies":[{"embeddable":true,"href":"https:\/\/gauthierkeyaerts.com\/blog\/wp-json\/wp\/v2\/comments?post=875"}],"version-history":[{"count":0,"href":"https:\/\/gauthierkeyaerts.com\/blog\/wp-json\/wp\/v2\/pages\/875\/revisions"}],"wp:attachment":[{"href":"https:\/\/gauthierkeyaerts.com\/blog\/wp-json\/wp\/v2\/media?parent=875"}],"curies":[{"name":"wp","href":"https:\/\/api.w.org\/{rel}","templated":true}]}}