{"id":840,"date":"2019-12-04T17:37:45","date_gmt":"2019-12-04T16:37:45","guid":{"rendered":"https:\/\/gauthierkeyaerts.com\/blog\/?page_id=840"},"modified":"2020-01-05T12:35:59","modified_gmt":"2020-01-05T11:35:59","slug":"bandes-son-spectacles","status":"publish","type":"page","link":"https:\/\/gauthierkeyaerts.com\/blog\/bandes-son-spectacles\/","title":{"rendered":"Bandes-son : Spectacles (collaborations)"},"content":{"rendered":"<p>&#8211;<a href=\"https:\/\/www.maelstromreevolution.org\/catalogue\/item\/591-nadirs\"><em><strong> Nadirs<\/strong><\/em><\/a>, bande-son accompagnant les lectures de <a href=\"https:\/\/www.maelstromreevolution.org\/resultat-de-la-recherche\/itemlist\/tag\/Tom%20Buron\">Tom Buron<\/a>, auteur du texte. 2019<\/p>\n<p><strong>Extrait son :<\/strong><\/p>\n<p>&nbsp;<\/p>\n<p>&#8211;<a href=\"https:\/\/www.maelstromreevolution.org\/catalogue\/item\/591-nadirs\"><em><strong> Maintenant<\/strong><\/em><\/a>, hommage \u00e0 Arthur Cravan, bande-son accompagnant les lectures de <a href=\"https:\/\/www.maelstromreevolution.org\/resultat-de-la-recherche\/itemlist\/tag\/Tom%20Buron\">Tom Buron<\/a>. 2018<\/p>\n<p><iframe loading=\"lazy\" src=\"https:\/\/player.vimeo.com\/video\/311219091\" width=\"640\" height=\"360\" frameborder=\"0\" allowfullscreen=\"allowfullscreen\"><\/iframe><\/p>\n<p>&nbsp;<\/p>\n<p><strong><em>&#8211; Vision<\/em><\/strong>, performance interactive, <strong>Thomas Israel. <\/strong>2014<\/p>\n<p><img data-recalc-dims=\"1\" loading=\"lazy\" decoding=\"async\" class=\"wp-image-842 alignleft\" src=\"https:\/\/i0.wp.com\/gauthierkeyaerts.com\/blog\/wp-content\/uploads\/2019\/12\/Vision-Tho-Isra.jpg?resize=633%2C356&#038;ssl=1\" alt=\"\" width=\"633\" height=\"356\" srcset=\"https:\/\/i0.wp.com\/gauthierkeyaerts.com\/blog\/wp-content\/uploads\/2019\/12\/Vision-Tho-Isra.jpg?resize=1024%2C576&amp;ssl=1 1024w, https:\/\/i0.wp.com\/gauthierkeyaerts.com\/blog\/wp-content\/uploads\/2019\/12\/Vision-Tho-Isra.jpg?resize=300%2C169&amp;ssl=1 300w, https:\/\/i0.wp.com\/gauthierkeyaerts.com\/blog\/wp-content\/uploads\/2019\/12\/Vision-Tho-Isra.jpg?resize=768%2C432&amp;ssl=1 768w, https:\/\/i0.wp.com\/gauthierkeyaerts.com\/blog\/wp-content\/uploads\/2019\/12\/Vision-Tho-Isra.jpg?resize=1536%2C864&amp;ssl=1 1536w, https:\/\/i0.wp.com\/gauthierkeyaerts.com\/blog\/wp-content\/uploads\/2019\/12\/Vision-Tho-Isra.jpg?w=1920&amp;ssl=1 1920w, https:\/\/i0.wp.com\/gauthierkeyaerts.com\/blog\/wp-content\/uploads\/2019\/12\/Vision-Tho-Isra.jpg?w=1296&amp;ssl=1 1296w\" sizes=\"auto, (max-width: 633px) 100vw, 633px\" \/><\/p>\n<p>&nbsp;<\/p>\n<p><strong><em>&#8211; Dualskin<\/em><\/strong>, performance interactive, <strong>Thomas Israel. <\/strong>2013<\/p>\n<p><img data-recalc-dims=\"1\" loading=\"lazy\" decoding=\"async\" class=\"alignnone wp-image-844 \" src=\"https:\/\/i0.wp.com\/gauthierkeyaerts.com\/blog\/wp-content\/uploads\/2019\/12\/Dualskin.jpg?resize=636%2C425&#038;ssl=1\" alt=\"\" width=\"636\" height=\"425\" srcset=\"https:\/\/i0.wp.com\/gauthierkeyaerts.com\/blog\/wp-content\/uploads\/2019\/12\/Dualskin.jpg?resize=1024%2C683&amp;ssl=1 1024w, https:\/\/i0.wp.com\/gauthierkeyaerts.com\/blog\/wp-content\/uploads\/2019\/12\/Dualskin.jpg?resize=300%2C200&amp;ssl=1 300w, https:\/\/i0.wp.com\/gauthierkeyaerts.com\/blog\/wp-content\/uploads\/2019\/12\/Dualskin.jpg?resize=768%2C512&amp;ssl=1 768w, https:\/\/i0.wp.com\/gauthierkeyaerts.com\/blog\/wp-content\/uploads\/2019\/12\/Dualskin.jpg?resize=1536%2C1024&amp;ssl=1 1536w, https:\/\/i0.wp.com\/gauthierkeyaerts.com\/blog\/wp-content\/uploads\/2019\/12\/Dualskin.jpg?w=1920&amp;ssl=1 1920w, https:\/\/i0.wp.com\/gauthierkeyaerts.com\/blog\/wp-content\/uploads\/2019\/12\/Dualskin.jpg?w=1296&amp;ssl=1 1296w\" sizes=\"auto, (max-width: 636px) 100vw, 636px\" \/><\/p>\n<p><a href=\"http:\/\/www.thomasisrael.be\/pf\/dualskin\/?lang=fr\">http:\/\/www.thomasisrael.be\/pf\/dualskin\/?lang=fr<\/a> (lien vers la vid\u00e9o promo)<\/p>\n<p>&nbsp;<\/p>\n<p><strong><em>&#8211; Skinstrap<\/em><\/strong>, performance interactive, <strong>Thomas Israel. <\/strong>2012<\/p>\n<p><iframe loading=\"lazy\" src=\"https:\/\/player.vimeo.com\/video\/81024310\" width=\"640\" height=\"360\" frameborder=\"0\" allowfullscreen=\"allowfullscreen\"><\/iframe><\/p>\n<p>&nbsp;<\/p>\n<p class=\"font_6\" style=\"text-align: justify;\"><em><strong>&#8211; Tryptique RADICAUX LIBRES<\/strong><\/em> (Cr\u00e9ation 2008 \/ 2009)<\/p>\n<p class=\"font_6\" style=\"text-align: justify;\">Musique et video performance, 35 min. Musique Gauthier Keyaerts \/ video projection en direct Natalia de Mello<\/p>\n<p class=\"font_6\" style=\"text-align: justify;\"><span class=\"wixGuard\">\u200b<\/span>Le triptyque <em><strong>Radicaux libres<\/strong><\/em> propose, sur le plan visuel, une r\u00e9flexion sur l\u2019exp\u00e9rimentation sonore et plastique \u00e0 partir de gestes et d\u2019objets domestiques les plus modestes qui participent d\u2019une dramaturgie conjuguant th\u00e8mes musicaux et sc\u00e9nographie de poche, le tout \u00e9tant jou\u00e9, film\u00e9 et projet\u00e9 en direct sur sc\u00e8ne.<\/p>\n<p>&nbsp;<\/p>\n<p class=\"font_6\" style=\"text-align: justify;\"><iframe loading=\"lazy\" src=\"https:\/\/www.youtube.com\/embed\/v5VwYNBAIig\" width=\"560\" height=\"315\" frameborder=\"0\" allowfullscreen=\"allowfullscreen\"><\/iframe><\/p>\n<p class=\"font_6\" style=\"text-align: justify;\">\u00ab\u00a0Vid\u00e9os, sculptures arte povera et compositions musicales se r\u00e9pondent en direct de mani\u00e8re organique. Une interaction improvis\u00e9e live entre <strong>Gauthier Keyaert<\/strong>s, \u00e9lectron libre de la cr\u00e9ation musicale et de son dialogue avec la danse, le th\u00e9\u00e2tre, la radio&#8230; et <strong>Natalia de Mello<\/strong>, multiplasticienne d\u2019origine portuguaise bas\u00e9e \u00e0 Bruxelles et co-fondatrice du collectif pluridisciplinaire M\u00e9TamorphoZ.\u00a0\u00bb (http:\/\/digitalperformanceculture.blog.fr)<\/p>\n<p><a href=\"https:\/\/www.nataliademello.net\/radicaux-libres-performance\">https:\/\/www.nataliademello.net\/radicaux-libres-performance<\/a><\/p>\n<div id=\"comp-j8knz00v\" class=\"txtNew\" data-packed=\"true\">\n<p class=\"font_6\">Pr\u00e9sent\u00e9, entre autres, au Centre Culturel Jacques Franck (2010), au Transcultures, FEST, Carthage, Tunisie, \u00e0 l&rsquo;Espace Magh, soir\u00e9e organis\u00e9e par la Ligue des droits de l\u2019homme (2009), au Festival Les Transnum\u00e9riques, Mons (2009), au Festival Sonorama, Besan\u00e7on, France (2009), au Festival \u00ab\u00a0Bruits de fond : Bruxelles Sonic \u00bb, Maison des M\u00e9tallos, Paris, France (2009).<\/p>\n<p>&nbsp;<\/p>\n<div id='gallery-1' class='gallery galleryid-840 gallery-columns-3 gallery-size-medium'><figure class='gallery-item'>\n\t\t\t<div class='gallery-icon landscape'>\n\t\t\t\t<a href=\"https:\/\/i0.wp.com\/gauthierkeyaerts.com\/blog\/wp-content\/uploads\/2019\/12\/bruxelles-sonic-maison-des-metallos-paris080409-6.jpg?ssl=1\"><img loading=\"lazy\" decoding=\"async\" width=\"300\" height=\"225\" src=\"https:\/\/i0.wp.com\/gauthierkeyaerts.com\/blog\/wp-content\/uploads\/2019\/12\/bruxelles-sonic-maison-des-metallos-paris080409-6.jpg?fit=300%2C225&amp;ssl=1\" class=\"attachment-medium size-medium\" alt=\"\" srcset=\"https:\/\/i0.wp.com\/gauthierkeyaerts.com\/blog\/wp-content\/uploads\/2019\/12\/bruxelles-sonic-maison-des-metallos-paris080409-6.jpg?w=640&amp;ssl=1 640w, https:\/\/i0.wp.com\/gauthierkeyaerts.com\/blog\/wp-content\/uploads\/2019\/12\/bruxelles-sonic-maison-des-metallos-paris080409-6.jpg?resize=300%2C225&amp;ssl=1 300w\" sizes=\"auto, (max-width: 300px) 100vw, 300px\" \/><\/a>\n\t\t\t<\/div><\/figure><figure class='gallery-item'>\n\t\t\t<div class='gallery-icon landscape'>\n\t\t\t\t<a href=\"https:\/\/i0.wp.com\/gauthierkeyaerts.com\/blog\/wp-content\/uploads\/2019\/12\/natalia-de-mellothe-aktivisit-transnumeriques-mons-08-786-10.jpg?ssl=1\"><img loading=\"lazy\" decoding=\"async\" width=\"300\" height=\"225\" src=\"https:\/\/i0.wp.com\/gauthierkeyaerts.com\/blog\/wp-content\/uploads\/2019\/12\/natalia-de-mellothe-aktivisit-transnumeriques-mons-08-786-10.jpg?fit=300%2C225&amp;ssl=1\" class=\"attachment-medium size-medium\" alt=\"\" srcset=\"https:\/\/i0.wp.com\/gauthierkeyaerts.com\/blog\/wp-content\/uploads\/2019\/12\/natalia-de-mellothe-aktivisit-transnumeriques-mons-08-786-10.jpg?w=1600&amp;ssl=1 1600w, https:\/\/i0.wp.com\/gauthierkeyaerts.com\/blog\/wp-content\/uploads\/2019\/12\/natalia-de-mellothe-aktivisit-transnumeriques-mons-08-786-10.jpg?resize=300%2C225&amp;ssl=1 300w, https:\/\/i0.wp.com\/gauthierkeyaerts.com\/blog\/wp-content\/uploads\/2019\/12\/natalia-de-mellothe-aktivisit-transnumeriques-mons-08-786-10.jpg?resize=1024%2C768&amp;ssl=1 1024w, https:\/\/i0.wp.com\/gauthierkeyaerts.com\/blog\/wp-content\/uploads\/2019\/12\/natalia-de-mellothe-aktivisit-transnumeriques-mons-08-786-10.jpg?resize=768%2C576&amp;ssl=1 768w, https:\/\/i0.wp.com\/gauthierkeyaerts.com\/blog\/wp-content\/uploads\/2019\/12\/natalia-de-mellothe-aktivisit-transnumeriques-mons-08-786-10.jpg?resize=1536%2C1152&amp;ssl=1 1536w, https:\/\/i0.wp.com\/gauthierkeyaerts.com\/blog\/wp-content\/uploads\/2019\/12\/natalia-de-mellothe-aktivisit-transnumeriques-mons-08-786-10.jpg?w=1296&amp;ssl=1 1296w\" sizes=\"auto, (max-width: 300px) 100vw, 300px\" \/><\/a>\n\t\t\t<\/div><\/figure><figure class='gallery-item'>\n\t\t\t<div class='gallery-icon landscape'>\n\t\t\t\t<a href=\"https:\/\/i0.wp.com\/gauthierkeyaerts.com\/blog\/wp-content\/uploads\/2019\/12\/natalia-de-mellothe-aktivisit-transnumeriques-mons-08-786-3.jpg?ssl=1\"><img loading=\"lazy\" decoding=\"async\" width=\"300\" height=\"225\" src=\"https:\/\/i0.wp.com\/gauthierkeyaerts.com\/blog\/wp-content\/uploads\/2019\/12\/natalia-de-mellothe-aktivisit-transnumeriques-mons-08-786-3.jpg?fit=300%2C225&amp;ssl=1\" class=\"attachment-medium size-medium\" alt=\"\" srcset=\"https:\/\/i0.wp.com\/gauthierkeyaerts.com\/blog\/wp-content\/uploads\/2019\/12\/natalia-de-mellothe-aktivisit-transnumeriques-mons-08-786-3.jpg?w=1600&amp;ssl=1 1600w, https:\/\/i0.wp.com\/gauthierkeyaerts.com\/blog\/wp-content\/uploads\/2019\/12\/natalia-de-mellothe-aktivisit-transnumeriques-mons-08-786-3.jpg?resize=300%2C225&amp;ssl=1 300w, https:\/\/i0.wp.com\/gauthierkeyaerts.com\/blog\/wp-content\/uploads\/2019\/12\/natalia-de-mellothe-aktivisit-transnumeriques-mons-08-786-3.jpg?resize=1024%2C768&amp;ssl=1 1024w, https:\/\/i0.wp.com\/gauthierkeyaerts.com\/blog\/wp-content\/uploads\/2019\/12\/natalia-de-mellothe-aktivisit-transnumeriques-mons-08-786-3.jpg?resize=768%2C576&amp;ssl=1 768w, https:\/\/i0.wp.com\/gauthierkeyaerts.com\/blog\/wp-content\/uploads\/2019\/12\/natalia-de-mellothe-aktivisit-transnumeriques-mons-08-786-3.jpg?resize=1536%2C1152&amp;ssl=1 1536w, https:\/\/i0.wp.com\/gauthierkeyaerts.com\/blog\/wp-content\/uploads\/2019\/12\/natalia-de-mellothe-aktivisit-transnumeriques-mons-08-786-3.jpg?w=1296&amp;ssl=1 1296w\" sizes=\"auto, (max-width: 300px) 100vw, 300px\" \/><\/a>\n\t\t\t<\/div><\/figure><figure class='gallery-item'>\n\t\t\t<div class='gallery-icon landscape'>\n\t\t\t\t<a href=\"https:\/\/i0.wp.com\/gauthierkeyaerts.com\/blog\/wp-content\/uploads\/2019\/12\/bruxelles-sonic-maison-des-metallos-paris080409-7.jpg?ssl=1\"><img loading=\"lazy\" decoding=\"async\" width=\"300\" height=\"225\" src=\"https:\/\/i0.wp.com\/gauthierkeyaerts.com\/blog\/wp-content\/uploads\/2019\/12\/bruxelles-sonic-maison-des-metallos-paris080409-7.jpg?fit=300%2C225&amp;ssl=1\" class=\"attachment-medium size-medium\" alt=\"\" srcset=\"https:\/\/i0.wp.com\/gauthierkeyaerts.com\/blog\/wp-content\/uploads\/2019\/12\/bruxelles-sonic-maison-des-metallos-paris080409-7.jpg?w=640&amp;ssl=1 640w, https:\/\/i0.wp.com\/gauthierkeyaerts.com\/blog\/wp-content\/uploads\/2019\/12\/bruxelles-sonic-maison-des-metallos-paris080409-7.jpg?resize=300%2C225&amp;ssl=1 300w\" sizes=\"auto, (max-width: 300px) 100vw, 300px\" \/><\/a>\n\t\t\t<\/div><\/figure><figure class='gallery-item'>\n\t\t\t<div class='gallery-icon landscape'>\n\t\t\t\t<a href=\"https:\/\/i0.wp.com\/gauthierkeyaerts.com\/blog\/wp-content\/uploads\/2019\/12\/bruxelles-sonic-maison-des-metallos-paris080409-5.jpg?ssl=1\"><img loading=\"lazy\" decoding=\"async\" width=\"300\" height=\"225\" src=\"https:\/\/i0.wp.com\/gauthierkeyaerts.com\/blog\/wp-content\/uploads\/2019\/12\/bruxelles-sonic-maison-des-metallos-paris080409-5.jpg?fit=300%2C225&amp;ssl=1\" class=\"attachment-medium size-medium\" alt=\"\" srcset=\"https:\/\/i0.wp.com\/gauthierkeyaerts.com\/blog\/wp-content\/uploads\/2019\/12\/bruxelles-sonic-maison-des-metallos-paris080409-5.jpg?w=640&amp;ssl=1 640w, https:\/\/i0.wp.com\/gauthierkeyaerts.com\/blog\/wp-content\/uploads\/2019\/12\/bruxelles-sonic-maison-des-metallos-paris080409-5.jpg?resize=300%2C225&amp;ssl=1 300w\" sizes=\"auto, (max-width: 300px) 100vw, 300px\" \/><\/a>\n\t\t\t<\/div><\/figure><figure class='gallery-item'>\n\t\t\t<div class='gallery-icon landscape'>\n\t\t\t\t<a href=\"https:\/\/i0.wp.com\/gauthierkeyaerts.com\/blog\/wp-content\/uploads\/2019\/12\/bruxelles-sonic-maison-des-metallos-paris080409-13.jpg?ssl=1\"><img loading=\"lazy\" decoding=\"async\" width=\"300\" height=\"225\" src=\"https:\/\/i0.wp.com\/gauthierkeyaerts.com\/blog\/wp-content\/uploads\/2019\/12\/bruxelles-sonic-maison-des-metallos-paris080409-13.jpg?fit=300%2C225&amp;ssl=1\" class=\"attachment-medium size-medium\" alt=\"\" srcset=\"https:\/\/i0.wp.com\/gauthierkeyaerts.com\/blog\/wp-content\/uploads\/2019\/12\/bruxelles-sonic-maison-des-metallos-paris080409-13.jpg?w=640&amp;ssl=1 640w, https:\/\/i0.wp.com\/gauthierkeyaerts.com\/blog\/wp-content\/uploads\/2019\/12\/bruxelles-sonic-maison-des-metallos-paris080409-13.jpg?resize=300%2C225&amp;ssl=1 300w\" sizes=\"auto, (max-width: 300px) 100vw, 300px\" \/><\/a>\n\t\t\t<\/div><\/figure><figure class='gallery-item'>\n\t\t\t<div class='gallery-icon landscape'>\n\t\t\t\t<a href=\"https:\/\/i0.wp.com\/gauthierkeyaerts.com\/blog\/wp-content\/uploads\/2019\/12\/natalia-de-mellothe-aktivisit-transnumeriques-mons-08-786-1.jpg?ssl=1\"><img loading=\"lazy\" decoding=\"async\" width=\"300\" height=\"225\" src=\"https:\/\/i0.wp.com\/gauthierkeyaerts.com\/blog\/wp-content\/uploads\/2019\/12\/natalia-de-mellothe-aktivisit-transnumeriques-mons-08-786-1.jpg?fit=300%2C225&amp;ssl=1\" class=\"attachment-medium size-medium\" alt=\"\" srcset=\"https:\/\/i0.wp.com\/gauthierkeyaerts.com\/blog\/wp-content\/uploads\/2019\/12\/natalia-de-mellothe-aktivisit-transnumeriques-mons-08-786-1.jpg?w=1600&amp;ssl=1 1600w, https:\/\/i0.wp.com\/gauthierkeyaerts.com\/blog\/wp-content\/uploads\/2019\/12\/natalia-de-mellothe-aktivisit-transnumeriques-mons-08-786-1.jpg?resize=300%2C225&amp;ssl=1 300w, https:\/\/i0.wp.com\/gauthierkeyaerts.com\/blog\/wp-content\/uploads\/2019\/12\/natalia-de-mellothe-aktivisit-transnumeriques-mons-08-786-1.jpg?resize=1024%2C768&amp;ssl=1 1024w, https:\/\/i0.wp.com\/gauthierkeyaerts.com\/blog\/wp-content\/uploads\/2019\/12\/natalia-de-mellothe-aktivisit-transnumeriques-mons-08-786-1.jpg?resize=768%2C576&amp;ssl=1 768w, https:\/\/i0.wp.com\/gauthierkeyaerts.com\/blog\/wp-content\/uploads\/2019\/12\/natalia-de-mellothe-aktivisit-transnumeriques-mons-08-786-1.jpg?resize=1536%2C1152&amp;ssl=1 1536w, https:\/\/i0.wp.com\/gauthierkeyaerts.com\/blog\/wp-content\/uploads\/2019\/12\/natalia-de-mellothe-aktivisit-transnumeriques-mons-08-786-1.jpg?w=1296&amp;ssl=1 1296w\" sizes=\"auto, (max-width: 300px) 100vw, 300px\" \/><\/a>\n\t\t\t<\/div><\/figure><figure class='gallery-item'>\n\t\t\t<div class='gallery-icon landscape'>\n\t\t\t\t<a href=\"https:\/\/i0.wp.com\/gauthierkeyaerts.com\/blog\/wp-content\/uploads\/2019\/12\/bruxelles-sonic-maison-des-metallos-paris080409-21.jpg?ssl=1\"><img loading=\"lazy\" decoding=\"async\" width=\"300\" height=\"225\" src=\"https:\/\/i0.wp.com\/gauthierkeyaerts.com\/blog\/wp-content\/uploads\/2019\/12\/bruxelles-sonic-maison-des-metallos-paris080409-21.jpg?fit=300%2C225&amp;ssl=1\" class=\"attachment-medium size-medium\" alt=\"\" srcset=\"https:\/\/i0.wp.com\/gauthierkeyaerts.com\/blog\/wp-content\/uploads\/2019\/12\/bruxelles-sonic-maison-des-metallos-paris080409-21.jpg?w=640&amp;ssl=1 640w, https:\/\/i0.wp.com\/gauthierkeyaerts.com\/blog\/wp-content\/uploads\/2019\/12\/bruxelles-sonic-maison-des-metallos-paris080409-21.jpg?resize=300%2C225&amp;ssl=1 300w\" sizes=\"auto, (max-width: 300px) 100vw, 300px\" \/><\/a>\n\t\t\t<\/div><\/figure><figure class='gallery-item'>\n\t\t\t<div class='gallery-icon landscape'>\n\t\t\t\t<a href=\"https:\/\/i0.wp.com\/gauthierkeyaerts.com\/blog\/wp-content\/uploads\/2019\/12\/bruxelles-sonic-maison-des-metallos-paris080409-3.jpg?ssl=1\"><img loading=\"lazy\" decoding=\"async\" width=\"300\" height=\"225\" src=\"https:\/\/i0.wp.com\/gauthierkeyaerts.com\/blog\/wp-content\/uploads\/2019\/12\/bruxelles-sonic-maison-des-metallos-paris080409-3.jpg?fit=300%2C225&amp;ssl=1\" class=\"attachment-medium size-medium\" alt=\"\" srcset=\"https:\/\/i0.wp.com\/gauthierkeyaerts.com\/blog\/wp-content\/uploads\/2019\/12\/bruxelles-sonic-maison-des-metallos-paris080409-3.jpg?w=640&amp;ssl=1 640w, https:\/\/i0.wp.com\/gauthierkeyaerts.com\/blog\/wp-content\/uploads\/2019\/12\/bruxelles-sonic-maison-des-metallos-paris080409-3.jpg?resize=300%2C225&amp;ssl=1 300w\" sizes=\"auto, (max-width: 300px) 100vw, 300px\" \/><\/a>\n\t\t\t<\/div><\/figure><figure class='gallery-item'>\n\t\t\t<div class='gallery-icon landscape'>\n\t\t\t\t<a href=\"https:\/\/i0.wp.com\/gauthierkeyaerts.com\/blog\/wp-content\/uploads\/2019\/12\/natalia-de-mellothe-aktivisit-transnumeriques-mons-08-786-5.jpg?ssl=1\"><img loading=\"lazy\" decoding=\"async\" width=\"300\" height=\"225\" src=\"https:\/\/i0.wp.com\/gauthierkeyaerts.com\/blog\/wp-content\/uploads\/2019\/12\/natalia-de-mellothe-aktivisit-transnumeriques-mons-08-786-5.jpg?fit=300%2C225&amp;ssl=1\" class=\"attachment-medium size-medium\" alt=\"\" srcset=\"https:\/\/i0.wp.com\/gauthierkeyaerts.com\/blog\/wp-content\/uploads\/2019\/12\/natalia-de-mellothe-aktivisit-transnumeriques-mons-08-786-5.jpg?w=1600&amp;ssl=1 1600w, https:\/\/i0.wp.com\/gauthierkeyaerts.com\/blog\/wp-content\/uploads\/2019\/12\/natalia-de-mellothe-aktivisit-transnumeriques-mons-08-786-5.jpg?resize=300%2C225&amp;ssl=1 300w, https:\/\/i0.wp.com\/gauthierkeyaerts.com\/blog\/wp-content\/uploads\/2019\/12\/natalia-de-mellothe-aktivisit-transnumeriques-mons-08-786-5.jpg?resize=1024%2C768&amp;ssl=1 1024w, https:\/\/i0.wp.com\/gauthierkeyaerts.com\/blog\/wp-content\/uploads\/2019\/12\/natalia-de-mellothe-aktivisit-transnumeriques-mons-08-786-5.jpg?resize=768%2C576&amp;ssl=1 768w, https:\/\/i0.wp.com\/gauthierkeyaerts.com\/blog\/wp-content\/uploads\/2019\/12\/natalia-de-mellothe-aktivisit-transnumeriques-mons-08-786-5.jpg?resize=1536%2C1152&amp;ssl=1 1536w, https:\/\/i0.wp.com\/gauthierkeyaerts.com\/blog\/wp-content\/uploads\/2019\/12\/natalia-de-mellothe-aktivisit-transnumeriques-mons-08-786-5.jpg?w=1296&amp;ssl=1 1296w\" sizes=\"auto, (max-width: 300px) 100vw, 300px\" \/><\/a>\n\t\t\t<\/div><\/figure><figure class='gallery-item'>\n\t\t\t<div class='gallery-icon landscape'>\n\t\t\t\t<a href=\"https:\/\/i0.wp.com\/gauthierkeyaerts.com\/blog\/wp-content\/uploads\/2019\/12\/bruxelles-sonic-maison-des-metallos-paris080409-15-scaled.jpg?ssl=1\"><img loading=\"lazy\" decoding=\"async\" width=\"300\" height=\"225\" src=\"https:\/\/i0.wp.com\/gauthierkeyaerts.com\/blog\/wp-content\/uploads\/2019\/12\/bruxelles-sonic-maison-des-metallos-paris080409-15-scaled.jpg?fit=300%2C225&amp;ssl=1\" class=\"attachment-medium size-medium\" alt=\"\" srcset=\"https:\/\/i0.wp.com\/gauthierkeyaerts.com\/blog\/wp-content\/uploads\/2019\/12\/bruxelles-sonic-maison-des-metallos-paris080409-15-scaled.jpg?w=2560&amp;ssl=1 2560w, https:\/\/i0.wp.com\/gauthierkeyaerts.com\/blog\/wp-content\/uploads\/2019\/12\/bruxelles-sonic-maison-des-metallos-paris080409-15-scaled.jpg?resize=300%2C225&amp;ssl=1 300w, https:\/\/i0.wp.com\/gauthierkeyaerts.com\/blog\/wp-content\/uploads\/2019\/12\/bruxelles-sonic-maison-des-metallos-paris080409-15-scaled.jpg?resize=1024%2C768&amp;ssl=1 1024w, https:\/\/i0.wp.com\/gauthierkeyaerts.com\/blog\/wp-content\/uploads\/2019\/12\/bruxelles-sonic-maison-des-metallos-paris080409-15-scaled.jpg?resize=768%2C576&amp;ssl=1 768w, https:\/\/i0.wp.com\/gauthierkeyaerts.com\/blog\/wp-content\/uploads\/2019\/12\/bruxelles-sonic-maison-des-metallos-paris080409-15-scaled.jpg?resize=1536%2C1152&amp;ssl=1 1536w, https:\/\/i0.wp.com\/gauthierkeyaerts.com\/blog\/wp-content\/uploads\/2019\/12\/bruxelles-sonic-maison-des-metallos-paris080409-15-scaled.jpg?resize=2048%2C1536&amp;ssl=1 2048w, https:\/\/i0.wp.com\/gauthierkeyaerts.com\/blog\/wp-content\/uploads\/2019\/12\/bruxelles-sonic-maison-des-metallos-paris080409-15-scaled.jpg?w=1296&amp;ssl=1 1296w, https:\/\/i0.wp.com\/gauthierkeyaerts.com\/blog\/wp-content\/uploads\/2019\/12\/bruxelles-sonic-maison-des-metallos-paris080409-15-scaled.jpg?w=1944&amp;ssl=1 1944w\" sizes=\"auto, (max-width: 300px) 100vw, 300px\" \/><\/a>\n\t\t\t<\/div><\/figure><figure class='gallery-item'>\n\t\t\t<div class='gallery-icon landscape'>\n\t\t\t\t<a href=\"https:\/\/i0.wp.com\/gauthierkeyaerts.com\/blog\/wp-content\/uploads\/2019\/12\/bruxelles-sonic-maison-des-metallos-paris080409-17.jpg?ssl=1\"><img loading=\"lazy\" decoding=\"async\" width=\"300\" height=\"225\" src=\"https:\/\/i0.wp.com\/gauthierkeyaerts.com\/blog\/wp-content\/uploads\/2019\/12\/bruxelles-sonic-maison-des-metallos-paris080409-17.jpg?fit=300%2C225&amp;ssl=1\" class=\"attachment-medium size-medium\" alt=\"\" srcset=\"https:\/\/i0.wp.com\/gauthierkeyaerts.com\/blog\/wp-content\/uploads\/2019\/12\/bruxelles-sonic-maison-des-metallos-paris080409-17.jpg?w=640&amp;ssl=1 640w, https:\/\/i0.wp.com\/gauthierkeyaerts.com\/blog\/wp-content\/uploads\/2019\/12\/bruxelles-sonic-maison-des-metallos-paris080409-17.jpg?resize=300%2C225&amp;ssl=1 300w\" sizes=\"auto, (max-width: 300px) 100vw, 300px\" \/><\/a>\n\t\t\t<\/div><\/figure><figure class='gallery-item'>\n\t\t\t<div class='gallery-icon landscape'>\n\t\t\t\t<a href=\"https:\/\/i0.wp.com\/gauthierkeyaerts.com\/blog\/wp-content\/uploads\/2019\/12\/bruxelles-sonic-maison-des-metallos-paris080409-16.jpg?ssl=1\"><img loading=\"lazy\" decoding=\"async\" width=\"300\" height=\"225\" src=\"https:\/\/i0.wp.com\/gauthierkeyaerts.com\/blog\/wp-content\/uploads\/2019\/12\/bruxelles-sonic-maison-des-metallos-paris080409-16.jpg?fit=300%2C225&amp;ssl=1\" class=\"attachment-medium size-medium\" alt=\"\" srcset=\"https:\/\/i0.wp.com\/gauthierkeyaerts.com\/blog\/wp-content\/uploads\/2019\/12\/bruxelles-sonic-maison-des-metallos-paris080409-16.jpg?w=640&amp;ssl=1 640w, https:\/\/i0.wp.com\/gauthierkeyaerts.com\/blog\/wp-content\/uploads\/2019\/12\/bruxelles-sonic-maison-des-metallos-paris080409-16.jpg?resize=300%2C225&amp;ssl=1 300w\" sizes=\"auto, (max-width: 300px) 100vw, 300px\" \/><\/a>\n\t\t\t<\/div><\/figure><figure class='gallery-item'>\n\t\t\t<div class='gallery-icon landscape'>\n\t\t\t\t<a href=\"https:\/\/i0.wp.com\/gauthierkeyaerts.com\/blog\/wp-content\/uploads\/2019\/12\/bruxelles-sonic-maison-des-metallos-paris080409-4.jpg?ssl=1\"><img loading=\"lazy\" decoding=\"async\" width=\"300\" height=\"225\" src=\"https:\/\/i0.wp.com\/gauthierkeyaerts.com\/blog\/wp-content\/uploads\/2019\/12\/bruxelles-sonic-maison-des-metallos-paris080409-4.jpg?fit=300%2C225&amp;ssl=1\" class=\"attachment-medium size-medium\" alt=\"\" srcset=\"https:\/\/i0.wp.com\/gauthierkeyaerts.com\/blog\/wp-content\/uploads\/2019\/12\/bruxelles-sonic-maison-des-metallos-paris080409-4.jpg?w=640&amp;ssl=1 640w, https:\/\/i0.wp.com\/gauthierkeyaerts.com\/blog\/wp-content\/uploads\/2019\/12\/bruxelles-sonic-maison-des-metallos-paris080409-4.jpg?resize=300%2C225&amp;ssl=1 300w\" sizes=\"auto, (max-width: 300px) 100vw, 300px\" \/><\/a>\n\t\t\t<\/div><\/figure><figure class='gallery-item'>\n\t\t\t<div class='gallery-icon landscape'>\n\t\t\t\t<a href=\"https:\/\/i0.wp.com\/gauthierkeyaerts.com\/blog\/wp-content\/uploads\/2019\/12\/natalia-de-mellothe-aktivisit-transnumeriques-mons-08-786-9.jpg?ssl=1\"><img loading=\"lazy\" decoding=\"async\" width=\"300\" height=\"225\" src=\"https:\/\/i0.wp.com\/gauthierkeyaerts.com\/blog\/wp-content\/uploads\/2019\/12\/natalia-de-mellothe-aktivisit-transnumeriques-mons-08-786-9.jpg?fit=300%2C225&amp;ssl=1\" class=\"attachment-medium size-medium\" alt=\"\" srcset=\"https:\/\/i0.wp.com\/gauthierkeyaerts.com\/blog\/wp-content\/uploads\/2019\/12\/natalia-de-mellothe-aktivisit-transnumeriques-mons-08-786-9.jpg?w=1600&amp;ssl=1 1600w, https:\/\/i0.wp.com\/gauthierkeyaerts.com\/blog\/wp-content\/uploads\/2019\/12\/natalia-de-mellothe-aktivisit-transnumeriques-mons-08-786-9.jpg?resize=300%2C225&amp;ssl=1 300w, https:\/\/i0.wp.com\/gauthierkeyaerts.com\/blog\/wp-content\/uploads\/2019\/12\/natalia-de-mellothe-aktivisit-transnumeriques-mons-08-786-9.jpg?resize=1024%2C768&amp;ssl=1 1024w, https:\/\/i0.wp.com\/gauthierkeyaerts.com\/blog\/wp-content\/uploads\/2019\/12\/natalia-de-mellothe-aktivisit-transnumeriques-mons-08-786-9.jpg?resize=768%2C576&amp;ssl=1 768w, https:\/\/i0.wp.com\/gauthierkeyaerts.com\/blog\/wp-content\/uploads\/2019\/12\/natalia-de-mellothe-aktivisit-transnumeriques-mons-08-786-9.jpg?resize=1536%2C1152&amp;ssl=1 1536w, https:\/\/i0.wp.com\/gauthierkeyaerts.com\/blog\/wp-content\/uploads\/2019\/12\/natalia-de-mellothe-aktivisit-transnumeriques-mons-08-786-9.jpg?w=1296&amp;ssl=1 1296w\" sizes=\"auto, (max-width: 300px) 100vw, 300px\" \/><\/a>\n\t\t\t<\/div><\/figure>\n\t\t<\/div>\n\n<\/div>\n<p>&nbsp;<\/p>\n","protected":false},"excerpt":{"rendered":"<p>&#8211; Nadirs, bande-son accompagnant les lectures de Tom Buron, auteur du texte. 2019 Extrait son : &nbsp; &#8211; Maintenant, hommage \u00e0 Arthur Cravan, bande-son accompagnant les lectures de Tom Buron. 2018 &nbsp; &#8211; Vision, performance interactive, Thomas Israel. 2014 &nbsp; &#8211; Dualskin, performance interactive, Thomas Israel. 2013 http:\/\/www.thomasisrael.be\/pf\/dualskin\/?lang=fr (lien vers la vid\u00e9o promo) &nbsp; &#8211; [&hellip;]<\/p>\n","protected":false},"author":1,"featured_media":0,"parent":0,"menu_order":0,"comment_status":"closed","ping_status":"closed","template":"","meta":{"footnotes":""},"class_list":["post-840","page","type-page","status-publish","hentry"],"jetpack_sharing_enabled":true,"_links":{"self":[{"href":"https:\/\/gauthierkeyaerts.com\/blog\/wp-json\/wp\/v2\/pages\/840","targetHints":{"allow":["GET"]}}],"collection":[{"href":"https:\/\/gauthierkeyaerts.com\/blog\/wp-json\/wp\/v2\/pages"}],"about":[{"href":"https:\/\/gauthierkeyaerts.com\/blog\/wp-json\/wp\/v2\/types\/page"}],"author":[{"embeddable":true,"href":"https:\/\/gauthierkeyaerts.com\/blog\/wp-json\/wp\/v2\/users\/1"}],"replies":[{"embeddable":true,"href":"https:\/\/gauthierkeyaerts.com\/blog\/wp-json\/wp\/v2\/comments?post=840"}],"version-history":[{"count":0,"href":"https:\/\/gauthierkeyaerts.com\/blog\/wp-json\/wp\/v2\/pages\/840\/revisions"}],"wp:attachment":[{"href":"https:\/\/gauthierkeyaerts.com\/blog\/wp-json\/wp\/v2\/media?parent=840"}],"curies":[{"name":"wp","href":"https:\/\/api.w.org\/{rel}","templated":true}]}}