{"id":712,"date":"2019-11-30T01:46:10","date_gmt":"2019-11-30T00:46:10","guid":{"rendered":"https:\/\/gauthierkeyaerts.com\/blog\/?page_id=712"},"modified":"2020-01-05T19:09:56","modified_gmt":"2020-01-05T18:09:56","slug":"nadirs","status":"publish","type":"page","link":"https:\/\/gauthierkeyaerts.com\/blog\/nadirs\/","title":{"rendered":"Nadirs (Performance)"},"content":{"rendered":"<p style=\"text-align: justify;\">Je ne sais plus trop quand, ou comment,<strong> Tom Buron<\/strong> et moi nous sommes rencontr\u00e9s. Mais lorsqu&rsquo;il m&rsquo;a propos\u00e9 de travailler avec lui sur la cr\u00e9ation po\u00e9tique \/ vid\u00e9o \/ musicale <strong><em>Arthur Cravan &#8211; Maintenant<\/em><\/strong>, une soir\u00e9e hommage \u00e0 cet auteur singulier, po\u00e8te et boxeur (j&rsquo;ai l&rsquo;impression de parler de toi Tom!)&#8230; j&rsquo;ai dit oui imm\u00e9diatement.<\/p>\n<p style=\"text-align: justify;\">Surtout qu&rsquo;au cours de la discussion, Tom m&rsquo;a soulign\u00e9 qu&rsquo;il avait rencontr\u00e9 mon univers musical lors de l\u2019\u00e9dition 2015 du <em><strong>fiEstival maeltr\u00d6m reEvolution<\/strong><\/em>, alors que j\u2019improvisais aux c\u00f4t\u00e9s de mon ami Jean-Marc Desgent pour notre duo <em>Temp\u00eate<\/em>.<\/p>\n<p>&nbsp;<\/p>\n<p><img data-recalc-dims=\"1\" loading=\"lazy\" decoding=\"async\" class=\"aligncenter wp-image-794 size-large\" src=\"https:\/\/i0.wp.com\/gauthierkeyaerts.com\/blog\/wp-content\/uploads\/2019\/12\/Fiestival-5-.jpg?resize=648%2C433&#038;ssl=1\" alt=\"Temp\u00eate - Desgent - Keyaerts\" width=\"648\" height=\"433\" srcset=\"https:\/\/i0.wp.com\/gauthierkeyaerts.com\/blog\/wp-content\/uploads\/2019\/12\/Fiestival-5-.jpg?resize=1024%2C684&amp;ssl=1 1024w, https:\/\/i0.wp.com\/gauthierkeyaerts.com\/blog\/wp-content\/uploads\/2019\/12\/Fiestival-5-.jpg?resize=300%2C200&amp;ssl=1 300w, https:\/\/i0.wp.com\/gauthierkeyaerts.com\/blog\/wp-content\/uploads\/2019\/12\/Fiestival-5-.jpg?resize=768%2C513&amp;ssl=1 768w, https:\/\/i0.wp.com\/gauthierkeyaerts.com\/blog\/wp-content\/uploads\/2019\/12\/Fiestival-5-.jpg?resize=1536%2C1026&amp;ssl=1 1536w, https:\/\/i0.wp.com\/gauthierkeyaerts.com\/blog\/wp-content\/uploads\/2019\/12\/Fiestival-5-.jpg?w=2048&amp;ssl=1 2048w, https:\/\/i0.wp.com\/gauthierkeyaerts.com\/blog\/wp-content\/uploads\/2019\/12\/Fiestival-5-.jpg?w=1296&amp;ssl=1 1296w, https:\/\/i0.wp.com\/gauthierkeyaerts.com\/blog\/wp-content\/uploads\/2019\/12\/Fiestival-5-.jpg?w=1944&amp;ssl=1 1944w\" sizes=\"auto, (max-width: 648px) 100vw, 648px\" \/><\/p>\n<p>&nbsp;<\/p>\n<p style=\"text-align: justify;\">J&rsquo;ai donc compris que Tom \u00e9tait partant pour un voyage dans l&rsquo;abstraction et l&rsquo;improvisation sonore, et bon, j&rsquo;avoue que j&rsquo;\u00e9tais assez accro \u00e0 ses deux booklegs <em><strong>Nostaljukebox <\/strong><\/em>et <em><strong>Le Blues du 21e si\u00e8cle et Autres Po\u00e8mes<\/strong><\/em>&#8230;<\/p>\n<p style=\"text-align: justify;\">Nous avons transform\u00e9 l&rsquo;essai , le temps d&rsquo;une soir\u00e9e au POK, avec beaucoup de plaisir.<\/p>\n<p>&nbsp;<\/p>\n<p><img data-recalc-dims=\"1\" loading=\"lazy\" decoding=\"async\" class=\"wp-image-792 aligncenter\" src=\"https:\/\/i0.wp.com\/gauthierkeyaerts.com\/blog\/wp-content\/uploads\/2019\/12\/Cravan-2.jpg?resize=648%2C485&#038;ssl=1\" alt=\"\" width=\"648\" height=\"485\" srcset=\"https:\/\/i0.wp.com\/gauthierkeyaerts.com\/blog\/wp-content\/uploads\/2019\/12\/Cravan-2.jpg?w=960&amp;ssl=1 960w, https:\/\/i0.wp.com\/gauthierkeyaerts.com\/blog\/wp-content\/uploads\/2019\/12\/Cravan-2.jpg?resize=300%2C225&amp;ssl=1 300w, https:\/\/i0.wp.com\/gauthierkeyaerts.com\/blog\/wp-content\/uploads\/2019\/12\/Cravan-2.jpg?resize=768%2C575&amp;ssl=1 768w\" sizes=\"auto, (max-width: 648px) 100vw, 648px\" \/><\/p>\n<p>&nbsp;<\/p>\n<p>Pourquoi s&rsquo;en arr\u00eater l\u00e0? Afin de f\u00eater la sortie de son nouveau recueil <em><strong>Nadirs<\/strong><\/em>, nous avons repris textes, micro, instruments de musique afin de nous accorder le temps d&rsquo;une nouvelle performance d&rsquo;environ 35 minutes&#8230;<\/p>\n<p>&nbsp;<\/p>\n<p><iframe loading=\"lazy\" src=\"https:\/\/player.vimeo.com\/video\/378546323\" width=\"640\" height=\"360\" frameborder=\"0\" allowfullscreen=\"allowfullscreen\"><\/iframe><\/p>\n<p><a href=\"https:\/\/vimeo.com\/378546323\">Nadirs &#8211; live &#8211; TEASER<\/a><\/p>\n<p>Un dossier de pr\u00e9sentation a \u00e9t\u00e9 r\u00e9dig\u00e9 par Tom, j&rsquo;en reprends ici quelques passages :<\/p>\n<p>&nbsp;<\/p>\n<p><span style=\"text-decoration: underline;\"><strong>NADIRS LIVE<\/strong><\/span><\/p>\n<p><strong>Performance po\u00e9tique et musicale<br \/>\nTom Buron (voix) \/ Gauthier Keyaerts (musiques)<\/strong><\/p>\n<p>35 minutes<\/p>\n<p style=\"text-align: justify;\">\u00ab\u00a0<em>Apr\u00e8s avoir travaill\u00e9 ensemble sur un spectacle \u00e0 la fois po\u00e9tique, sonore et visuel autour d\u2019Arthur Cravan en 2018, Tom Buron (textes et voix) et Gauthier Keyaerts (musiques) d\u00e9cident de joindre \u00e0 nouveau leurs forces pour \u00e9laborer une performance musicale autour du livre Nadirs, paru au printemps 2019. <\/em><\/p>\n<p><em>Entre lecture et concert, <strong>Nadirs Live<\/strong> propose une plong\u00e9e dans l\u2019univers po\u00e9tique de Tom Buron, entre bourlingue des bas-fonds et qu\u00eate spirituelle, \u00e9vocations du Mexique et incantations solaires, propuls\u00e9, au-del\u00e0 des cymbales et lignes de basse, par les nappes sonores tour \u00e0 tour \u00e9lectriques, vaporeuses, ou hypnotiques de Gauthier Keyaerts<\/em>.\u00a0\u00bb<\/p>\n<p>&nbsp;<\/p>\n<p style=\"text-align: center;\"><img data-recalc-dims=\"1\" loading=\"lazy\" decoding=\"async\" class=\"alignnone wp-image-1167 size-full\" src=\"https:\/\/i0.wp.com\/gauthierkeyaerts.com\/blog\/wp-content\/uploads\/2019\/12\/Nadirs.png?resize=382%2C551&#038;ssl=1\" alt=\"\" width=\"382\" height=\"551\" srcset=\"https:\/\/i0.wp.com\/gauthierkeyaerts.com\/blog\/wp-content\/uploads\/2019\/12\/Nadirs.png?w=382&amp;ssl=1 382w, https:\/\/i0.wp.com\/gauthierkeyaerts.com\/blog\/wp-content\/uploads\/2019\/12\/Nadirs.png?resize=208%2C300&amp;ssl=1 208w\" sizes=\"auto, (max-width: 382px) 100vw, 382px\" \/><\/p>\n<p style=\"text-align: center;\"><strong>Nadirs, Tom Buron, Editions Maelstr\u00d6m, 2019<br \/>\n<\/strong><em>\u00a0Le matin nous trouve caustiques et rares<\/em><br \/>\n<em>les peaux peintes de tractions stellaires<\/em><br \/>\n<em>\u00e0 irriguer nos chapelles en les trains<\/em><br \/>\n<em>Ma part supr\u00eame\u00a0: le vin l\u2019incendie &amp; le rythme\u00a0<\/em><\/p>\n<p style=\"text-align: justify;\">\n<p>&nbsp;<\/p>\n","protected":false},"excerpt":{"rendered":"<p>Je ne sais plus trop quand, ou comment, Tom Buron et moi nous sommes rencontr\u00e9s. Mais lorsqu&rsquo;il m&rsquo;a propos\u00e9 de travailler avec lui sur la cr\u00e9ation po\u00e9tique \/ vid\u00e9o \/ musicale Arthur Cravan &#8211; Maintenant, une soir\u00e9e hommage \u00e0 cet auteur singulier, po\u00e8te et boxeur (j&rsquo;ai l&rsquo;impression de parler de toi Tom!)&#8230; j&rsquo;ai dit oui [&hellip;]<\/p>\n","protected":false},"author":1,"featured_media":0,"parent":0,"menu_order":0,"comment_status":"closed","ping_status":"closed","template":"","meta":{"footnotes":""},"class_list":["post-712","page","type-page","status-publish","hentry"],"jetpack_sharing_enabled":true,"_links":{"self":[{"href":"https:\/\/gauthierkeyaerts.com\/blog\/wp-json\/wp\/v2\/pages\/712","targetHints":{"allow":["GET"]}}],"collection":[{"href":"https:\/\/gauthierkeyaerts.com\/blog\/wp-json\/wp\/v2\/pages"}],"about":[{"href":"https:\/\/gauthierkeyaerts.com\/blog\/wp-json\/wp\/v2\/types\/page"}],"author":[{"embeddable":true,"href":"https:\/\/gauthierkeyaerts.com\/blog\/wp-json\/wp\/v2\/users\/1"}],"replies":[{"embeddable":true,"href":"https:\/\/gauthierkeyaerts.com\/blog\/wp-json\/wp\/v2\/comments?post=712"}],"version-history":[{"count":0,"href":"https:\/\/gauthierkeyaerts.com\/blog\/wp-json\/wp\/v2\/pages\/712\/revisions"}],"wp:attachment":[{"href":"https:\/\/gauthierkeyaerts.com\/blog\/wp-json\/wp\/v2\/media?parent=712"}],"curies":[{"name":"wp","href":"https:\/\/api.w.org\/{rel}","templated":true}]}}