{"id":710,"date":"2019-11-30T01:46:02","date_gmt":"2019-11-30T00:46:02","guid":{"rendered":"https:\/\/gauthierkeyaerts.com\/blog\/?page_id=710"},"modified":"2020-01-05T17:47:38","modified_gmt":"2020-01-05T16:47:38","slug":"debordements","status":"publish","type":"page","link":"https:\/\/gauthierkeyaerts.com\/blog\/debordements\/","title":{"rendered":"D\u00e9bordements (Performance)"},"content":{"rendered":"<p style=\"text-align: justify;\">C&rsquo;est un soir de mai 2017, alors que nous nous appr\u00eations \u00e0 d\u00e9vorer un excellent repas concoct\u00e9 par l&rsquo;\u00e9quipe du <em><strong>f<\/strong><strong>iEstival maeltr\u00d6m reEvolution<\/strong><\/em>, que Dominique Massaut m&rsquo;a approch\u00e9 en me glissant discr\u00e8tement \u00e0 l&rsquo;oreille : \u00ab\u00a0<em>j&rsquo;aimerais que tu composes la musique d&rsquo;un projet sur lequel je travaille<\/em>.\u00a0\u00bb<\/p>\n<p style=\"text-align: justify;\">C&rsquo;est l\u00e0 qu&rsquo;est n\u00e9 &#8211; pour moi &#8211; le travail sur <em><strong>D\u00e9bordements<\/strong><\/em>.<\/p>\n<p style=\"text-align: justify;\">DomM et moi nous connaissions un peu, de loin, sans plus, ni moins. J&rsquo;ai accept\u00e9 la mission, et si le message s&rsquo;est autod\u00e9truit, cette promesse par contre a \u00e9t\u00e9 tenue et concr\u00e9tis\u00e9e.<\/p>\n<p style=\"text-align: justify;\">Nous avons amorc\u00e9 r\u00e9ellement le chantier en 2018, tout d&rsquo;abord par des s\u00e9ances d&rsquo;\u00e9coute et de discussion.\u00a0 Au gr\u00e9 de ces \u00e9changes, une amiti\u00e9 a grandi, fort, de plus en plus fort. Et lorsque nous avons entam\u00e9 la concr\u00e9tisation du CD, tout a \u00e9t\u00e9 finalement simple, fluide, amusant, \u00e9nergisant. Nous avons pris le temps de pousser le plus en avant possible notre besoin de perfectionnisme. Non pas que nous ayons abouti un travail \u00ab\u00a0parfait\u00a0\u00bb, mais juste, coh\u00e9rent. <em><strong>D\u00e9bordements<\/strong><\/em> fut aussi pour moi l&rsquo;occasion d&rsquo;affiner le rapport entre musiques et po\u00e9sies \/ oralit\u00e9, d&rsquo;approfondir le travail de production, de montage&#8230; et de travailler \u00e9galement avec Vincent Tholom\u00e9, Laurence Vielle, David Giannoni, soit une dream team po\u00e9tique, renforc\u00e9e par deux autres compositeurs : Alain Subrebost et Jean-Christophe Detrain, sans oublier l&rsquo;input de Pierre Devalet. J&rsquo;avoue avoir finalement effectu\u00e9 un beau voyage tant humain que cr\u00e9atif, \u00e7a compte.<\/p>\n<p>&nbsp;<\/p>\n<div id='gallery-1' class='gallery galleryid-710 gallery-columns-2 gallery-size-medium'><figure class='gallery-item'>\n\t\t\t<div class='gallery-icon landscape'>\n\t\t\t\t<a href=\"https:\/\/i0.wp.com\/gauthierkeyaerts.com\/blog\/wp-content\/uploads\/2019\/12\/Deb1.jpg?ssl=1\"><img loading=\"lazy\" decoding=\"async\" width=\"300\" height=\"225\" src=\"https:\/\/i0.wp.com\/gauthierkeyaerts.com\/blog\/wp-content\/uploads\/2019\/12\/Deb1.jpg?fit=300%2C225&amp;ssl=1\" class=\"attachment-medium size-medium\" alt=\"\" srcset=\"https:\/\/i0.wp.com\/gauthierkeyaerts.com\/blog\/wp-content\/uploads\/2019\/12\/Deb1.jpg?w=960&amp;ssl=1 960w, https:\/\/i0.wp.com\/gauthierkeyaerts.com\/blog\/wp-content\/uploads\/2019\/12\/Deb1.jpg?resize=300%2C225&amp;ssl=1 300w, https:\/\/i0.wp.com\/gauthierkeyaerts.com\/blog\/wp-content\/uploads\/2019\/12\/Deb1.jpg?resize=768%2C576&amp;ssl=1 768w\" sizes=\"auto, (max-width: 300px) 100vw, 300px\" \/><\/a>\n\t\t\t<\/div><\/figure><figure class='gallery-item'>\n\t\t\t<div class='gallery-icon landscape'>\n\t\t\t\t<a href=\"https:\/\/i0.wp.com\/gauthierkeyaerts.com\/blog\/wp-content\/uploads\/2019\/12\/59812055_347512316114615_9085736202081927168_o.jpg?ssl=1\"><img loading=\"lazy\" decoding=\"async\" width=\"300\" height=\"218\" src=\"https:\/\/i0.wp.com\/gauthierkeyaerts.com\/blog\/wp-content\/uploads\/2019\/12\/59812055_347512316114615_9085736202081927168_o.jpg?fit=300%2C218&amp;ssl=1\" class=\"attachment-medium size-medium\" alt=\"\" srcset=\"https:\/\/i0.wp.com\/gauthierkeyaerts.com\/blog\/wp-content\/uploads\/2019\/12\/59812055_347512316114615_9085736202081927168_o.jpg?w=1917&amp;ssl=1 1917w, https:\/\/i0.wp.com\/gauthierkeyaerts.com\/blog\/wp-content\/uploads\/2019\/12\/59812055_347512316114615_9085736202081927168_o.jpg?resize=300%2C218&amp;ssl=1 300w, https:\/\/i0.wp.com\/gauthierkeyaerts.com\/blog\/wp-content\/uploads\/2019\/12\/59812055_347512316114615_9085736202081927168_o.jpg?resize=1024%2C744&amp;ssl=1 1024w, https:\/\/i0.wp.com\/gauthierkeyaerts.com\/blog\/wp-content\/uploads\/2019\/12\/59812055_347512316114615_9085736202081927168_o.jpg?resize=768%2C558&amp;ssl=1 768w, https:\/\/i0.wp.com\/gauthierkeyaerts.com\/blog\/wp-content\/uploads\/2019\/12\/59812055_347512316114615_9085736202081927168_o.jpg?resize=1536%2C1115&amp;ssl=1 1536w, https:\/\/i0.wp.com\/gauthierkeyaerts.com\/blog\/wp-content\/uploads\/2019\/12\/59812055_347512316114615_9085736202081927168_o.jpg?w=1296&amp;ssl=1 1296w\" sizes=\"auto, (max-width: 300px) 100vw, 300px\" \/><\/a>\n\t\t\t<\/div><\/figure>\n\t\t<\/div>\n\n<div class=\"description\" style=\"text-align: justify;\">\u00ab\u00a0Ceci est un livre-disque. Parce que ces po\u00e8mes sont r\u00e9solument inscrits dans l\u2019oralit\u00e9. Comme les eaux de la La\u00efta, le verbe va d\u00e9border\u2026 Un projet n\u00e9 en Bretagne, en 2014. Cet hiver-l\u00e0, la rivi\u00e8re de Quimperl\u00e9, La La\u00efta, sort de son lit. Quatre fois ! Des crues qui frappent la population, les habitations, les rives\u2026 et les m\u00e9dias, qui avaient plant\u00e9 leur cam\u00e9ra, l\u00e0-bas, pr\u00e8s du pont, \u00ab toujours \u00e0 la m\u00eame place \u00bb. Moi, au mois de mars, j\u2019\u00e9tais en r\u00e9sidence d\u2019\u00e9criture au bord des eaux revenues dans leur lit. Les gens racontaient.<\/div>\n<div style=\"text-align: justify;\"><\/div>\n<div class=\"description\" style=\"text-align: justify;\">Je me suis dit : je vais \u00e9crire des fragments de cette histoire.<\/div>\n<div class=\"description\" style=\"text-align: justify;\">\n<p>Rapidement, je me suis aper\u00e7u que ces crues \u00e9taient en lien serr\u00e9 avec d&rsquo;autres d\u00e9bordements. Et voil\u00e0, hop : un livre-disque, \u00ab\u00a0logorrh\u00e9en\u00a0\u00bb, avec une musique de \u00ab po\u00e8tes du son \u00bb, qui \u00e9voque les exc\u00e8s, le gigantisme des soci\u00e9t\u00e9s contemporaines, la surproduction, les pesticides, les additifs, le 6\u00e8me continent&#8230; et aussi ce pauvre type qui &#8211; il n&rsquo;en peut rien &#8211; est n\u00e9 \u00ab excessif \u00bb (il sue, il pue, il parle fort, il rit fort, il \u00e9ternue&#8230;). Et lui, non, il ne peut pas; \u00e7a d\u00e9range tout le monde. Voil\u00e0. \u00c0 la fin, la Rivi\u00e8re (v\u00e9ritable personnage sonore) retourne dans son lit, dans son calme sautillant, sa vieille jeunesse, sa nature \u00ab bougeante \u00bb, et ce qu&rsquo;elle charrie aussi de c\u00f4toiement positif avec une activit\u00e9 humaine qu\u2019on esp\u00e8re bient\u00f4t plus \u00ab accord\u00e9e \u00bb, plus en \u00e9quilibre entre le faire et le recevoir. Ce fut une exp\u00e9rience d\u2019\u00e9criture particuli\u00e8re, en lien intime avec le corps en danger, mais avec les sons des choses et des hommes, dans une tentative de r\u00e9conciliation par le lien harmonieux. \u00bb (Dominique Massaut)<\/p>\n<p>&nbsp;<\/p>\n<p><em><strong>D\u00e9bordements<\/strong><\/em>, livre-CD, Editions Maelstr\u00f6m (Bruxelles, ), 15 \u20ac.<br \/>\n\u00c0 \u00e9couter\/t\u00e9l\u00e9charger en ligne \u00e0 prix libre ici : <a href=\"https:\/\/maelstromreevolution.bandcamp.com\/album\/d-bordements\"><u>https:\/\/maelstromreevolution.bandcamp.com\/album\/d-bordements<\/u><\/a><\/p>\n<p><img data-recalc-dims=\"1\" loading=\"lazy\" decoding=\"async\" class=\"alignnone size-medium wp-image-558 aligncenter\" src=\"https:\/\/i0.wp.com\/gauthierkeyaerts.com\/blog\/wp-content\/uploads\/2019\/11\/Deb.jpg?resize=300%2C300&#038;ssl=1\" alt=\"\" width=\"300\" height=\"300\" srcset=\"https:\/\/i0.wp.com\/gauthierkeyaerts.com\/blog\/wp-content\/uploads\/2019\/11\/Deb.jpg?resize=300%2C300&amp;ssl=1 300w, https:\/\/i0.wp.com\/gauthierkeyaerts.com\/blog\/wp-content\/uploads\/2019\/11\/Deb.jpg?resize=1024%2C1024&amp;ssl=1 1024w, https:\/\/i0.wp.com\/gauthierkeyaerts.com\/blog\/wp-content\/uploads\/2019\/11\/Deb.jpg?resize=150%2C150&amp;ssl=1 150w, https:\/\/i0.wp.com\/gauthierkeyaerts.com\/blog\/wp-content\/uploads\/2019\/11\/Deb.jpg?resize=768%2C769&amp;ssl=1 768w, https:\/\/i0.wp.com\/gauthierkeyaerts.com\/blog\/wp-content\/uploads\/2019\/11\/Deb.jpg?resize=60%2C60&amp;ssl=1 60w, https:\/\/i0.wp.com\/gauthierkeyaerts.com\/blog\/wp-content\/uploads\/2019\/11\/Deb.jpg?w=1199&amp;ssl=1 1199w\" sizes=\"auto, (max-width: 300px) 100vw, 300px\" \/><\/p>\n<p>&nbsp;<\/p>\n<p>Textes : <strong>Dominique Massaut<\/strong><\/p>\n<p>\u00ab\u00a0Po\u00e9tique du son\u00a0\u00bb : <strong>Gauthier Keyaerts<\/strong><\/p>\n<p>Musiques : <strong>Gauthier Keyaerts<\/strong> avec <strong>Alain Subrebost<\/strong>\/ <strong>Jean-Christophe Detrain<\/strong>\/ <strong>Stephan Ink<\/strong><\/p>\n<p>Voix :<strong> DomM (Dominique Massaut)<\/strong>\/ <strong>Laurence Vielle<\/strong>\/ <strong>David Giannoni<\/strong>\/ <strong>Vincent Tholom\u00e9<\/strong>\/<strong> Les Kids de Villenave-d\u2019Ornon<\/strong><\/p>\n<p>&nbsp;<\/p>\n<\/div>\n<div class=\"description\" style=\"text-align: justify;\">Illustrations : <strong>Klervi Bourseul<\/strong><\/div>\n<div><\/div>\n<div style=\"text-align: justify;\"><\/div>\n<div class=\"description\">\n<p style=\"text-align: justify;\"><iframe style=\"border: 0; width: 100%; height: 120px;\" src=\"https:\/\/bandcamp.com\/EmbeddedPlayer\/album=2403408369\/size=large\/bgcol=ffffff\/linkcol=0687f5\/tracklist=false\/artwork=small\/track=1122377894\/transparent=true\/\" seamless=\"\"><a href=\"http:\/\/maelstromreevolution.bandcamp.com\/album\/d-bordements\">D\u00e9bordements by Dominique Massaut<\/a><\/iframe><\/p>\n<p>Extrait de <em><strong>La Rivi\u00e8re<\/strong><\/em>:<\/p>\n<p><em>Aujourd\u2019hui la rivi\u00e8re elle se f\u00e2che s\u2019est d\u00e9j\u00e0 f\u00e2ch\u00e9e la semaine derni\u00e8re la rivi\u00e8re et encore la semaine d\u2019avant la semaine derni\u00e8re la rivi\u00e8re \u00e7a fait quatre fois quatre fois qu\u2019elle se f\u00e2che et c\u2019est pas fini on sent \u00e7a que c\u2019est pas fini c\u2019est du tout cuit que les crues c\u2019est pas fini la rivi\u00e8re elle bourdonne elle est capable la rivi\u00e8re de faire plus de bruit que la temp\u00eate plus de bruit que la mer quand elle veut la rivi\u00e8re\u2026<\/em><\/p>\n<\/div>\n","protected":false},"excerpt":{"rendered":"<p>C&rsquo;est un soir de mai 2017, alors que nous nous appr\u00eations \u00e0 d\u00e9vorer un excellent repas concoct\u00e9 par l&rsquo;\u00e9quipe du fiEstival maeltr\u00d6m reEvolution, que Dominique Massaut m&rsquo;a approch\u00e9 en me glissant discr\u00e8tement \u00e0 l&rsquo;oreille : \u00ab\u00a0j&rsquo;aimerais que tu composes la musique d&rsquo;un projet sur lequel je travaille.\u00a0\u00bb C&rsquo;est l\u00e0 qu&rsquo;est n\u00e9 &#8211; pour moi &#8211; [&hellip;]<\/p>\n","protected":false},"author":1,"featured_media":0,"parent":0,"menu_order":0,"comment_status":"closed","ping_status":"closed","template":"","meta":{"footnotes":""},"class_list":["post-710","page","type-page","status-publish","hentry"],"jetpack_sharing_enabled":true,"_links":{"self":[{"href":"https:\/\/gauthierkeyaerts.com\/blog\/wp-json\/wp\/v2\/pages\/710","targetHints":{"allow":["GET"]}}],"collection":[{"href":"https:\/\/gauthierkeyaerts.com\/blog\/wp-json\/wp\/v2\/pages"}],"about":[{"href":"https:\/\/gauthierkeyaerts.com\/blog\/wp-json\/wp\/v2\/types\/page"}],"author":[{"embeddable":true,"href":"https:\/\/gauthierkeyaerts.com\/blog\/wp-json\/wp\/v2\/users\/1"}],"replies":[{"embeddable":true,"href":"https:\/\/gauthierkeyaerts.com\/blog\/wp-json\/wp\/v2\/comments?post=710"}],"version-history":[{"count":0,"href":"https:\/\/gauthierkeyaerts.com\/blog\/wp-json\/wp\/v2\/pages\/710\/revisions"}],"wp:attachment":[{"href":"https:\/\/gauthierkeyaerts.com\/blog\/wp-json\/wp\/v2\/media?parent=710"}],"curies":[{"name":"wp","href":"https:\/\/api.w.org\/{rel}","templated":true}]}}