{"id":692,"date":"2019-11-30T01:16:27","date_gmt":"2019-11-30T00:16:27","guid":{"rendered":"https:\/\/gauthierkeyaerts.com\/blog\/?page_id=692"},"modified":"2020-01-05T21:01:19","modified_gmt":"2020-01-05T20:01:19","slug":"an-art-key","status":"publish","type":"page","link":"https:\/\/gauthierkeyaerts.com\/blog\/an-art-key\/","title":{"rendered":"an-Art-KEY (installation multim\u00e9dia)"},"content":{"rendered":"<p style=\"text-align: justify;\">\u00c0 travers <em><strong>an-Art-KEY<\/strong><\/em>, j&rsquo;ai tent\u00e9 de connecter plusieurs \u00e9l\u00e9ments cl\u00e9s de mon parcours : mes ann\u00e9es punk, ado, la d\u00e9couverte du mouvement Beat &#8211; gr\u00e2ce \u00e0 Burroughs -, une passion qui ne cesse de grandir pour le chaos social et artistique du XXe si\u00e8cle (le Futurisme, Dada, Fluxus&#8230;), le collage, visuel et sonore, l&rsquo;art du d\u00e9tournement, le minimalisme&#8230; J&rsquo;ai tent\u00e9 de connecter tout cela \u00e0 travers un prisme \u00e9minemment subjectif, a-chronologique, interdisciplinaire (cr\u00e9ation visuelles, bande-son, sc\u00e9nographie&#8230;), etc.<\/p>\n<p style=\"text-align: justify;\">Cette installation constitue donc \u00e0 la fois une recherche historique et personnelle, une forme d&rsquo;introspection, un cri du coeur, une oeuvre volontairement imparfaite et D.I.Y \u00e9volutive. Et tellement plus encore!<em><strong><br \/>\n<\/strong><\/em><\/p>\n<p>&nbsp;<\/p>\n<p><img data-recalc-dims=\"1\" loading=\"lazy\" decoding=\"async\" class=\"aligncenter wp-image-2247 size-full\" src=\"https:\/\/i0.wp.com\/gauthierkeyaerts.com\/blog\/wp-content\/uploads\/2020\/01\/an-art.jpg?resize=425%2C257&#038;ssl=1\" alt=\"an-art-Key\" width=\"425\" height=\"257\" srcset=\"https:\/\/i0.wp.com\/gauthierkeyaerts.com\/blog\/wp-content\/uploads\/2020\/01\/an-art.jpg?w=425&amp;ssl=1 425w, https:\/\/i0.wp.com\/gauthierkeyaerts.com\/blog\/wp-content\/uploads\/2020\/01\/an-art.jpg?resize=300%2C181&amp;ssl=1 300w\" sizes=\"auto, (max-width: 425px) 100vw, 425px\" \/><\/p>\n<p>&nbsp;<\/p>\n<p style=\"text-align: justify;\"><em>\u00ab\u00a0Nous vivions une \u00e9poque non de sentiers battus, mais \u2013 s&rsquo;il fallait trouver une m\u00e9taphore fluviale pour repr\u00e9senter le temps \u2013 je dirais que nous arrivons \u00e0 un estuaire en forme de delta, et m\u00eame, au-del\u00e0, \u00e0 un oc\u00e9an qui retournerait vers le ciel.\u00a0\u00bb<\/em> John Cage, KPFA Radio, 1992.<\/p>\n<p style=\"text-align: justify;\"><em><strong>an-Art-KEY<\/strong><\/em> est un dispositif pluriel m\u00ealant images, sons, sc\u00e9nographie \u00e9tablissant une ligne du temps a-chronologique des ic\u00f4nes majeures de la \u00ab contre-culture \u00bb durant le XXe si\u00e8cle (<em>Futuristes, Dada, Fluxus, Beat Generation, International Situationnisme, Punk<\/em>\u2026).<\/p>\n<p style=\"text-align: justify;\">Une narration fragmentaire de ce parcours louvoyant, balis\u00e9 de bruits et de fureur, prend comme point de d\u00e9part le <em>Futurisme<\/em> et comme point d\u2019arriv\u00e9e la premi\u00e8re vague <em>Punk<\/em>.<\/p>\n<p style=\"text-align: justify;\">Visuellement, cette voie \/ voix ludique repose sur un un <em>audio-collage<\/em> polyphonique et fragmentaire donnant la parole aux principaux acteurs de ces tonitruantes flibusteries intellectuelles, accompagn\u00e9 par\u00a0 des d\u00e9tournements de visuels issus des mouvements pr\u00e9cit\u00e9s, avec l&rsquo;accord de plasticiens tels que Kiki Picasso, Gee Vaucher (C.R.A.S.S.), Throbbing Gristle, The Residents&#8230; soit des stencils, photocopies, graffitis, d\u00e9tournement, etc. mis sous cadres.<\/p>\n<p>&nbsp;<\/p>\n<p><strong>Un oeuvre<\/strong> de Gauthier Keyaerts (collages, sc\u00e9nographie, sound design \/ audio collage, recherches d&rsquo;archives).<\/p>\n<p><strong>Production :<\/strong> Gauthier Keyaerts \/ Transcultures.<\/p>\n<p>&nbsp;<\/p>\n<p><iframe loading=\"lazy\" src=\"https:\/\/w.soundcloud.com\/player\/?url=https%3A\/\/api.soundcloud.com\/tracks\/729319543&amp;color=%23ff5500&amp;auto_play=false&amp;hide_related=false&amp;show_comments=true&amp;show_user=true&amp;show_reposts=false&amp;show_teaser=true\" width=\"100%\" height=\"166\" frameborder=\"no\" scrolling=\"no\"><\/iframe><\/p>\n<p>&nbsp;<\/p>\n<div id='gallery-1' class='gallery galleryid-692 gallery-columns-4 gallery-size-thumbnail'><figure class='gallery-item'>\n\t\t\t<div class='gallery-icon landscape'>\n\t\t\t\t<a href=\"https:\/\/i0.wp.com\/gauthierkeyaerts.com\/blog\/wp-content\/uploads\/2019\/11\/Akey2.jpg?ssl=1\"><img loading=\"lazy\" decoding=\"async\" width=\"150\" height=\"150\" src=\"https:\/\/i0.wp.com\/gauthierkeyaerts.com\/blog\/wp-content\/uploads\/2019\/11\/Akey2.jpg?resize=150%2C150&amp;ssl=1\" class=\"attachment-thumbnail size-thumbnail\" alt=\"\" srcset=\"https:\/\/i0.wp.com\/gauthierkeyaerts.com\/blog\/wp-content\/uploads\/2019\/11\/Akey2.jpg?resize=150%2C150&amp;ssl=1 150w, https:\/\/i0.wp.com\/gauthierkeyaerts.com\/blog\/wp-content\/uploads\/2019\/11\/Akey2.jpg?resize=60%2C60&amp;ssl=1 60w, https:\/\/i0.wp.com\/gauthierkeyaerts.com\/blog\/wp-content\/uploads\/2019\/11\/Akey2.jpg?zoom=2&amp;resize=150%2C150&amp;ssl=1 300w, https:\/\/i0.wp.com\/gauthierkeyaerts.com\/blog\/wp-content\/uploads\/2019\/11\/Akey2.jpg?zoom=3&amp;resize=150%2C150&amp;ssl=1 450w\" sizes=\"auto, (max-width: 150px) 100vw, 150px\" \/><\/a>\n\t\t\t<\/div><\/figure><figure class='gallery-item'>\n\t\t\t<div class='gallery-icon landscape'>\n\t\t\t\t<a href=\"https:\/\/i0.wp.com\/gauthierkeyaerts.com\/blog\/wp-content\/uploads\/2019\/12\/anart3-scaled.jpg?ssl=1\"><img loading=\"lazy\" decoding=\"async\" width=\"150\" height=\"150\" src=\"https:\/\/i0.wp.com\/gauthierkeyaerts.com\/blog\/wp-content\/uploads\/2019\/12\/anart3-scaled.jpg?resize=150%2C150&amp;ssl=1\" class=\"attachment-thumbnail size-thumbnail\" alt=\"\" srcset=\"https:\/\/i0.wp.com\/gauthierkeyaerts.com\/blog\/wp-content\/uploads\/2019\/12\/anart3-scaled.jpg?resize=150%2C150&amp;ssl=1 150w, https:\/\/i0.wp.com\/gauthierkeyaerts.com\/blog\/wp-content\/uploads\/2019\/12\/anart3-scaled.jpg?resize=60%2C60&amp;ssl=1 60w, https:\/\/i0.wp.com\/gauthierkeyaerts.com\/blog\/wp-content\/uploads\/2019\/12\/anart3-scaled.jpg?zoom=2&amp;resize=150%2C150&amp;ssl=1 300w, https:\/\/i0.wp.com\/gauthierkeyaerts.com\/blog\/wp-content\/uploads\/2019\/12\/anart3-scaled.jpg?zoom=3&amp;resize=150%2C150&amp;ssl=1 450w\" sizes=\"auto, (max-width: 150px) 100vw, 150px\" \/><\/a>\n\t\t\t<\/div><\/figure><figure class='gallery-item'>\n\t\t\t<div class='gallery-icon landscape'>\n\t\t\t\t<a href=\"https:\/\/i0.wp.com\/gauthierkeyaerts.com\/blog\/wp-content\/uploads\/2019\/11\/aKEY1.jpg?ssl=1\"><img loading=\"lazy\" decoding=\"async\" width=\"150\" height=\"150\" src=\"https:\/\/i0.wp.com\/gauthierkeyaerts.com\/blog\/wp-content\/uploads\/2019\/11\/aKEY1.jpg?resize=150%2C150&amp;ssl=1\" class=\"attachment-thumbnail size-thumbnail\" alt=\"\" srcset=\"https:\/\/i0.wp.com\/gauthierkeyaerts.com\/blog\/wp-content\/uploads\/2019\/11\/aKEY1.jpg?resize=150%2C150&amp;ssl=1 150w, https:\/\/i0.wp.com\/gauthierkeyaerts.com\/blog\/wp-content\/uploads\/2019\/11\/aKEY1.jpg?resize=60%2C60&amp;ssl=1 60w, https:\/\/i0.wp.com\/gauthierkeyaerts.com\/blog\/wp-content\/uploads\/2019\/11\/aKEY1.jpg?zoom=2&amp;resize=150%2C150&amp;ssl=1 300w\" sizes=\"auto, (max-width: 150px) 100vw, 150px\" \/><\/a>\n\t\t\t<\/div><\/figure><figure class='gallery-item'>\n\t\t\t<div class='gallery-icon landscape'>\n\t\t\t\t<a href=\"https:\/\/i0.wp.com\/gauthierkeyaerts.com\/blog\/wp-content\/uploads\/2019\/12\/anrt6-scaled.jpg?ssl=1\"><img loading=\"lazy\" decoding=\"async\" width=\"150\" height=\"150\" src=\"https:\/\/i0.wp.com\/gauthierkeyaerts.com\/blog\/wp-content\/uploads\/2019\/12\/anrt6-scaled.jpg?resize=150%2C150&amp;ssl=1\" class=\"attachment-thumbnail size-thumbnail\" alt=\"\" srcset=\"https:\/\/i0.wp.com\/gauthierkeyaerts.com\/blog\/wp-content\/uploads\/2019\/12\/anrt6-scaled.jpg?resize=150%2C150&amp;ssl=1 150w, https:\/\/i0.wp.com\/gauthierkeyaerts.com\/blog\/wp-content\/uploads\/2019\/12\/anrt6-scaled.jpg?resize=60%2C60&amp;ssl=1 60w, https:\/\/i0.wp.com\/gauthierkeyaerts.com\/blog\/wp-content\/uploads\/2019\/12\/anrt6-scaled.jpg?zoom=2&amp;resize=150%2C150&amp;ssl=1 300w, https:\/\/i0.wp.com\/gauthierkeyaerts.com\/blog\/wp-content\/uploads\/2019\/12\/anrt6-scaled.jpg?zoom=3&amp;resize=150%2C150&amp;ssl=1 450w\" sizes=\"auto, (max-width: 150px) 100vw, 150px\" \/><\/a>\n\t\t\t<\/div><\/figure><figure class='gallery-item'>\n\t\t\t<div class='gallery-icon portrait'>\n\t\t\t\t<a href=\"https:\/\/i0.wp.com\/gauthierkeyaerts.com\/blog\/wp-content\/uploads\/2019\/12\/anart10-scaled.jpg?ssl=1\"><img loading=\"lazy\" decoding=\"async\" width=\"150\" height=\"150\" src=\"https:\/\/i0.wp.com\/gauthierkeyaerts.com\/blog\/wp-content\/uploads\/2019\/12\/anart10-scaled.jpg?resize=150%2C150&amp;ssl=1\" class=\"attachment-thumbnail size-thumbnail\" alt=\"\" srcset=\"https:\/\/i0.wp.com\/gauthierkeyaerts.com\/blog\/wp-content\/uploads\/2019\/12\/anart10-scaled.jpg?resize=150%2C150&amp;ssl=1 150w, https:\/\/i0.wp.com\/gauthierkeyaerts.com\/blog\/wp-content\/uploads\/2019\/12\/anart10-scaled.jpg?resize=60%2C60&amp;ssl=1 60w, https:\/\/i0.wp.com\/gauthierkeyaerts.com\/blog\/wp-content\/uploads\/2019\/12\/anart10-scaled.jpg?zoom=2&amp;resize=150%2C150&amp;ssl=1 300w, https:\/\/i0.wp.com\/gauthierkeyaerts.com\/blog\/wp-content\/uploads\/2019\/12\/anart10-scaled.jpg?zoom=3&amp;resize=150%2C150&amp;ssl=1 450w\" sizes=\"auto, (max-width: 150px) 100vw, 150px\" \/><\/a>\n\t\t\t<\/div><\/figure><figure class='gallery-item'>\n\t\t\t<div class='gallery-icon portrait'>\n\t\t\t\t<a href=\"https:\/\/i0.wp.com\/gauthierkeyaerts.com\/blog\/wp-content\/uploads\/2019\/12\/anart7-scaled.jpg?ssl=1\"><img loading=\"lazy\" decoding=\"async\" width=\"150\" height=\"150\" src=\"https:\/\/i0.wp.com\/gauthierkeyaerts.com\/blog\/wp-content\/uploads\/2019\/12\/anart7-scaled.jpg?resize=150%2C150&amp;ssl=1\" class=\"attachment-thumbnail size-thumbnail\" alt=\"\" srcset=\"https:\/\/i0.wp.com\/gauthierkeyaerts.com\/blog\/wp-content\/uploads\/2019\/12\/anart7-scaled.jpg?resize=150%2C150&amp;ssl=1 150w, https:\/\/i0.wp.com\/gauthierkeyaerts.com\/blog\/wp-content\/uploads\/2019\/12\/anart7-scaled.jpg?resize=60%2C60&amp;ssl=1 60w, https:\/\/i0.wp.com\/gauthierkeyaerts.com\/blog\/wp-content\/uploads\/2019\/12\/anart7-scaled.jpg?zoom=2&amp;resize=150%2C150&amp;ssl=1 300w, https:\/\/i0.wp.com\/gauthierkeyaerts.com\/blog\/wp-content\/uploads\/2019\/12\/anart7-scaled.jpg?zoom=3&amp;resize=150%2C150&amp;ssl=1 450w\" sizes=\"auto, (max-width: 150px) 100vw, 150px\" \/><\/a>\n\t\t\t<\/div><\/figure><figure class='gallery-item'>\n\t\t\t<div class='gallery-icon landscape'>\n\t\t\t\t<a href=\"https:\/\/i0.wp.com\/gauthierkeyaerts.com\/blog\/wp-content\/uploads\/2019\/12\/anartr1-scaled.jpg?ssl=1\"><img loading=\"lazy\" decoding=\"async\" width=\"150\" height=\"150\" src=\"https:\/\/i0.wp.com\/gauthierkeyaerts.com\/blog\/wp-content\/uploads\/2019\/12\/anartr1-scaled.jpg?resize=150%2C150&amp;ssl=1\" class=\"attachment-thumbnail size-thumbnail\" alt=\"\" srcset=\"https:\/\/i0.wp.com\/gauthierkeyaerts.com\/blog\/wp-content\/uploads\/2019\/12\/anartr1-scaled.jpg?resize=150%2C150&amp;ssl=1 150w, https:\/\/i0.wp.com\/gauthierkeyaerts.com\/blog\/wp-content\/uploads\/2019\/12\/anartr1-scaled.jpg?resize=60%2C60&amp;ssl=1 60w, https:\/\/i0.wp.com\/gauthierkeyaerts.com\/blog\/wp-content\/uploads\/2019\/12\/anartr1-scaled.jpg?zoom=2&amp;resize=150%2C150&amp;ssl=1 300w, https:\/\/i0.wp.com\/gauthierkeyaerts.com\/blog\/wp-content\/uploads\/2019\/12\/anartr1-scaled.jpg?zoom=3&amp;resize=150%2C150&amp;ssl=1 450w\" sizes=\"auto, (max-width: 150px) 100vw, 150px\" \/><\/a>\n\t\t\t<\/div><\/figure><figure class='gallery-item'>\n\t\t\t<div class='gallery-icon landscape'>\n\t\t\t\t<a href=\"https:\/\/i0.wp.com\/gauthierkeyaerts.com\/blog\/wp-content\/uploads\/2019\/12\/anart9-scaled.jpg?ssl=1\"><img loading=\"lazy\" decoding=\"async\" width=\"150\" height=\"150\" src=\"https:\/\/i0.wp.com\/gauthierkeyaerts.com\/blog\/wp-content\/uploads\/2019\/12\/anart9-scaled.jpg?resize=150%2C150&amp;ssl=1\" class=\"attachment-thumbnail size-thumbnail\" alt=\"\" srcset=\"https:\/\/i0.wp.com\/gauthierkeyaerts.com\/blog\/wp-content\/uploads\/2019\/12\/anart9-scaled.jpg?resize=150%2C150&amp;ssl=1 150w, https:\/\/i0.wp.com\/gauthierkeyaerts.com\/blog\/wp-content\/uploads\/2019\/12\/anart9-scaled.jpg?resize=60%2C60&amp;ssl=1 60w, https:\/\/i0.wp.com\/gauthierkeyaerts.com\/blog\/wp-content\/uploads\/2019\/12\/anart9-scaled.jpg?zoom=2&amp;resize=150%2C150&amp;ssl=1 300w, https:\/\/i0.wp.com\/gauthierkeyaerts.com\/blog\/wp-content\/uploads\/2019\/12\/anart9-scaled.jpg?zoom=3&amp;resize=150%2C150&amp;ssl=1 450w\" sizes=\"auto, (max-width: 150px) 100vw, 150px\" \/><\/a>\n\t\t\t<\/div><\/figure>\n\t\t<\/div>\n\n<p>Je ne r\u00e9siste pas \u00e0 l&rsquo;envie de partager un extrait de texte r\u00e9dig\u00e9 par Philippe Baudelot, consultant artistique, curateur.<\/p>\n<p style=\"text-align: justify;\">\u00ab\u00a0<em><strong>An-Art-KEY<\/strong>, <\/em>tout cela n\u2019a rien de personnel. Tout cela l\u2019est compl\u00e8tement.<\/p>\n<p style=\"text-align: justify;\">Tombeau, po\u00e8me, pi\u00e8ce musicale baroque, hommage \u00e0 un personnage, un ma\u00eetre, un ami disparu, explorant longuement ou d\u2019un mot les m\u00e9andres de son \u0153uvre. Le genre, si l\u2019on excepte ces deuils r\u00e9ifi\u00e9s et tant adul\u00e9s par notre soci\u00e9t\u00e9 spectaculaire qui n\u2019en peut mais, ne semble plus de notre \u00e9poque. M\u00eame un peu solennel, il se pose en hommage aux vivants et refuse l\u2019hyst\u00e9rie embl\u00e9matique de notre civilisation boulimique de paroles.<\/p>\n<p style=\"text-align: justify;\">D\u2019une mani\u00e8re r\u00e9solue, <em><strong>an-Art-KEY, <\/strong><\/em>s\u2019inscrit dans la lign\u00e9e de ces ouvrages d\u00e9mod\u00e9s, en \u00e9cho de leurs \u00e9critures, comme une r\u00e9verb\u00e9ration \u00e9clat\u00e9e, non une copie, encore moins un pastiche (\u2026) Elle ne revendique pas un savoir. Elle tisse des allusions adress\u00e9es \u00e0 des sens qui s\u2019y perdent.<\/p>\n<p style=\"text-align: justify;\">Installation ou c\u00e9notaphe ? L\u2019ensemble donne \u00e0 pencher ironiquement vers la seconde solution. L\u2019espace et la mati\u00e8re proposent la premi\u00e8re. Le crucifix de vinyles luisants et noirs, ouvre sur un doute. Qui s\u2019y cloue? Qui compte et cherche ? Les encadr\u00e9s proposent de deviner, peut-\u00eatre r\u00e9serv\u00e9s aux initi\u00e9s mais ouverts \u00e0 tous, pas toujours simples \u00e0 d\u00e9crypter. Le son agit comme un lien qui n\u2019aurait rien \u00e0 y entendre, construisant une coh\u00e9rence spatiale sombre, quelques allusions v\u00e9cues comme les mat\u00e9riaux d\u2019autre chose, autant d\u2019invites au tapis central et \u00e0 ne plus voir qu\u2019une \u00e9coute. Au fond, nous sommes tr\u00e8s loin de ceux \u00e0 qui il est explicitement rendu honneur dans le cartel de l\u2019oeuvre. D\u2019ailleurs, estime y a-t-il ? On demeure dans le doute compris par nos tympans oculaires, tels des poules devant un comptoir de Mac Donald. On se d\u00e9lecterait de leur trouble comme du n\u00f4tre.<\/p>\n<p style=\"text-align: justify;\">an-Art-KEY regarde ces mouvements qui ont travers\u00e9 le dernier si\u00e8cle. De dada \u00e0 la beat g\u00e9n\u00e9ration, aux situationnistes et aux punks. Des mouvements dont on sait qu\u2019ils ont ponctu\u00e9, \u00e0 quelques endroits fait, ce si\u00e8cle et dont ne demeure aujourd\u2019hui, \u00e0 l\u2019esprit du plus grand nombre, que des citations tronqu\u00e9es, reprises par des intellectuels en mal d\u2019imaginaire et les statuts de Facebook. Mais de ces mouvements, peu ont vraiment lu, vu ou entendu les textes, images et autres sons qui en sont n\u00e9s.<\/p>\n<p style=\"text-align: justify;\">(\u2026) L\u2019installation vaut d\u2019abord par elle-m\u00eame. Elle est bien un tombeau, un c\u00e9notaphe mais pas vraiment de ce sur quoi elle s\u2019appuie, m\u00eame si elle y renvoie constamment. M\u00eame cercueil, elle est du c\u00f4t\u00e9 du vivant. Ce qui y frappe, c\u2019est que c\u2019est au visiteur qu\u2019elle se r\u00e9f\u00e8re et au lien qu\u2019il peut y entendre avec l\u2019auteur. Nul besoin de culture pour s\u2019y trouver, nul besoin de ces \u00ab cultures \u00bb auxquelles elle se r\u00e9f\u00e8re et qui n\u2019en ont jamais vraiment \u00e9t\u00e9 (je d\u00e9teste cet emploi du mot culture pour lui pr\u00e9f\u00e9rer ceux de mouvement, de remous, d\u2019\u00e9manation). <em><strong>an-Art-KEY <\/strong><\/em>est en elle-m\u00eame l\u2019expression d\u2019un bouillonnement et peu devrait m\u2019importer les rochers qui l\u2019ont provoqu\u00e9. Du tourbillon, elle \u00e0 le son et l\u2019\u00e9cho qui cr\u00e9e le son, elle a les \u00e9clats de lumi\u00e8re, les mots qui sourdent comme au hasard, les images qui ne doivent plus rien \u00e0 leur origine.\u00a0\u00bb<\/p>\n","protected":false},"excerpt":{"rendered":"<p>\u00c0 travers an-Art-KEY, j&rsquo;ai tent\u00e9 de connecter plusieurs \u00e9l\u00e9ments cl\u00e9s de mon parcours : mes ann\u00e9es punk, ado, la d\u00e9couverte du mouvement Beat &#8211; gr\u00e2ce \u00e0 Burroughs -, une passion qui ne cesse de grandir pour le chaos social et artistique du XXe si\u00e8cle (le Futurisme, Dada, Fluxus&#8230;), le collage, visuel et sonore, l&rsquo;art du [&hellip;]<\/p>\n","protected":false},"author":1,"featured_media":0,"parent":0,"menu_order":0,"comment_status":"closed","ping_status":"closed","template":"","meta":{"footnotes":""},"class_list":["post-692","page","type-page","status-publish","hentry"],"jetpack_sharing_enabled":true,"_links":{"self":[{"href":"https:\/\/gauthierkeyaerts.com\/blog\/wp-json\/wp\/v2\/pages\/692","targetHints":{"allow":["GET"]}}],"collection":[{"href":"https:\/\/gauthierkeyaerts.com\/blog\/wp-json\/wp\/v2\/pages"}],"about":[{"href":"https:\/\/gauthierkeyaerts.com\/blog\/wp-json\/wp\/v2\/types\/page"}],"author":[{"embeddable":true,"href":"https:\/\/gauthierkeyaerts.com\/blog\/wp-json\/wp\/v2\/users\/1"}],"replies":[{"embeddable":true,"href":"https:\/\/gauthierkeyaerts.com\/blog\/wp-json\/wp\/v2\/comments?post=692"}],"version-history":[{"count":0,"href":"https:\/\/gauthierkeyaerts.com\/blog\/wp-json\/wp\/v2\/pages\/692\/revisions"}],"wp:attachment":[{"href":"https:\/\/gauthierkeyaerts.com\/blog\/wp-json\/wp\/v2\/media?parent=692"}],"curies":[{"name":"wp","href":"https:\/\/api.w.org\/{rel}","templated":true}]}}