{"id":688,"date":"2019-11-30T01:15:03","date_gmt":"2019-11-30T00:15:03","guid":{"rendered":"https:\/\/gauthierkeyaerts.com\/blog\/?page_id=688"},"modified":"2021-08-08T13:23:52","modified_gmt":"2021-08-08T11:23:52","slug":"loeil-sampler-2","status":"publish","type":"page","link":"https:\/\/gauthierkeyaerts.com\/blog\/loeil-sampler-2\/","title":{"rendered":"L&rsquo;oeil Sampler # 2 : Photographie \/ Po\u00e9sie \/ Sound design"},"content":{"rendered":"<p style=\"text-align: justify;\"><a href=\"https:\/\/gauthierkeyaerts.com\/blog\/loeil-sampler\/\"><em><strong>L&rsquo;oeil sampler<\/strong><\/em><\/a> a \u00e9volu\u00e9 au fil du temps, tout comme mon approche artistique, et ce depuis 2013&#8230; ann\u00e9e o\u00f9 je me me connect\u00e9 avec le monde de la po\u00e9sie. Depuis, je ne cesse de collaborer avec des auteur(e)s.<\/p>\n<p style=\"text-align: justify;\">Si <em><strong>L&rsquo;oeil Sampler<\/strong><\/em> constitue un carnet de bord de mes p\u00e9r\u00e9grinations musicales, et dans le monde de la cr\u00e9ation immersive et interactive, il est donc normal qu&rsquo;il ait \u00e9volu\u00e9.<\/p>\n<p style=\"text-align: justify;\"><em><strong>L&rsquo;oeil Sampler<\/strong><\/em> est ainsi devenu <em><strong>L&rsquo;oeil Sampler<\/strong> <strong>#2<\/strong>, <\/em>soit une version non plus aliment\u00e9e par un dialogue\u00a0 et une r\u00e9flexion internes,\u00a0 mais bien sur base d&rsquo;une \u00ab\u00a0triangulation\u00a0\u00bb : mes photos sont envoy\u00e9es \u00e0 un(e) auteur(e), qui en s\u00e9lectionne de 1 \u00e0 4,\u00a0 et ensuite &#8211; sur base de ce mat\u00e9riel &#8211; \u00e9crit un po\u00e8me. Le plus \u00e9loign\u00e9 possible de la litt\u00e9ralit\u00e9, le plus proche possible de l&rsquo;\u00e9motionnel. Une fois ce texte, et sa lecture par l&rsquo;auteur(e) re\u00e7us, je m\u2019attelle \u00e0 cr\u00e9er une piste son pour cet ensemble photo \/ po\u00e8me \/ voix. Je r\u00e9agis donc tant \u00e0 la stimulation visuelle qu&rsquo;au texte et au \u00ab\u00a0grain\u00a0\u00bb de voix.<\/p>\n<p>Voici la liste des contributeurs actuels, un immense merci \u00e0 toutes et tous :<\/p>\n<p>Jean-Marc Desgent, \u00c9lise Turcotte, Vincent Tholom\u00e9, Laura Vazquez, Bertrand Laverdure, Fr\u00e9d\u00e9rique Soumagne, Dominique Massaut, David Giannoni, Yvon d&rsquo;Anjou, Simon Dumas, Kenny Ozier-Lafontaine, Pierre Gu\u00e9ry, Paul Sanda&#8230;<\/p>\n<p style=\"text-align: justify;\">Nous travaillons toutes et tous \u00e0 l&rsquo;instinct.<\/p>\n<p>Au final, tout comme pour <em><strong>L&rsquo;oeil Sampler<\/strong><\/em>, cet ensemble est pr\u00e9sent\u00e9 sous forme d&rsquo;une exposition photographique \u00ab\u00a0augment\u00e9e\u00a0\u00bb de mots et de sons.<\/p>\n<p>&nbsp;<\/p>\n<p><strong>Un oeuvre<\/strong> de Gauthier Keyaerts (photo, sc\u00e9nographie, sound design).<\/p>\n<p><strong>Production :<\/strong> Gauthier Keyaerts.<\/p>\n<p>&nbsp;<\/p>\n<p><img data-recalc-dims=\"1\" loading=\"lazy\" decoding=\"async\" class=\"alignnone wp-image-957 size-full\" src=\"https:\/\/i0.wp.com\/gauthierkeyaerts.com\/blog\/wp-content\/uploads\/2019\/12\/AKOUSMATA-8-VINCENT-THOLOME-page-001-scaled.jpg?resize=648%2C463&#038;ssl=1\" alt=\"\" width=\"648\" height=\"463\" srcset=\"https:\/\/i0.wp.com\/gauthierkeyaerts.com\/blog\/wp-content\/uploads\/2019\/12\/AKOUSMATA-8-VINCENT-THOLOME-page-001-scaled.jpg?w=2560&amp;ssl=1 2560w, https:\/\/i0.wp.com\/gauthierkeyaerts.com\/blog\/wp-content\/uploads\/2019\/12\/AKOUSMATA-8-VINCENT-THOLOME-page-001-scaled.jpg?resize=300%2C214&amp;ssl=1 300w, https:\/\/i0.wp.com\/gauthierkeyaerts.com\/blog\/wp-content\/uploads\/2019\/12\/AKOUSMATA-8-VINCENT-THOLOME-page-001-scaled.jpg?resize=1024%2C731&amp;ssl=1 1024w, https:\/\/i0.wp.com\/gauthierkeyaerts.com\/blog\/wp-content\/uploads\/2019\/12\/AKOUSMATA-8-VINCENT-THOLOME-page-001-scaled.jpg?resize=768%2C549&amp;ssl=1 768w, https:\/\/i0.wp.com\/gauthierkeyaerts.com\/blog\/wp-content\/uploads\/2019\/12\/AKOUSMATA-8-VINCENT-THOLOME-page-001-scaled.jpg?resize=1536%2C1097&amp;ssl=1 1536w, https:\/\/i0.wp.com\/gauthierkeyaerts.com\/blog\/wp-content\/uploads\/2019\/12\/AKOUSMATA-8-VINCENT-THOLOME-page-001-scaled.jpg?resize=2048%2C1463&amp;ssl=1 2048w, https:\/\/i0.wp.com\/gauthierkeyaerts.com\/blog\/wp-content\/uploads\/2019\/12\/AKOUSMATA-8-VINCENT-THOLOME-page-001-scaled.jpg?w=1296&amp;ssl=1 1296w, https:\/\/i0.wp.com\/gauthierkeyaerts.com\/blog\/wp-content\/uploads\/2019\/12\/AKOUSMATA-8-VINCENT-THOLOME-page-001-scaled.jpg?w=1944&amp;ssl=1 1944w\" sizes=\"auto, (max-width: 648px) 100vw, 648px\" \/><\/p>\n<p><img data-recalc-dims=\"1\" loading=\"lazy\" decoding=\"async\" class=\"alignnone wp-image-959 size-full\" src=\"https:\/\/i0.wp.com\/gauthierkeyaerts.com\/blog\/wp-content\/uploads\/2019\/12\/Document-page-0014-1.jpg?resize=648%2C917&#038;ssl=1\" alt=\"\" width=\"648\" height=\"917\" srcset=\"https:\/\/i0.wp.com\/gauthierkeyaerts.com\/blog\/wp-content\/uploads\/2019\/12\/Document-page-0014-1.jpg?w=1240&amp;ssl=1 1240w, https:\/\/i0.wp.com\/gauthierkeyaerts.com\/blog\/wp-content\/uploads\/2019\/12\/Document-page-0014-1.jpg?resize=212%2C300&amp;ssl=1 212w, https:\/\/i0.wp.com\/gauthierkeyaerts.com\/blog\/wp-content\/uploads\/2019\/12\/Document-page-0014-1.jpg?resize=724%2C1024&amp;ssl=1 724w, https:\/\/i0.wp.com\/gauthierkeyaerts.com\/blog\/wp-content\/uploads\/2019\/12\/Document-page-0014-1.jpg?resize=768%2C1086&amp;ssl=1 768w, https:\/\/i0.wp.com\/gauthierkeyaerts.com\/blog\/wp-content\/uploads\/2019\/12\/Document-page-0014-1.jpg?resize=1086%2C1536&amp;ssl=1 1086w\" sizes=\"auto, (max-width: 648px) 100vw, 648px\" \/><\/p>\n<p><img data-recalc-dims=\"1\" loading=\"lazy\" decoding=\"async\" class=\"alignnone wp-image-961 size-full\" src=\"https:\/\/i0.wp.com\/gauthierkeyaerts.com\/blog\/wp-content\/uploads\/2019\/12\/AKOUSMATA-7-LAURA-VAZQUEZ-scaled.jpg?resize=648%2C463&#038;ssl=1\" alt=\"\" width=\"648\" height=\"463\" srcset=\"https:\/\/i0.wp.com\/gauthierkeyaerts.com\/blog\/wp-content\/uploads\/2019\/12\/AKOUSMATA-7-LAURA-VAZQUEZ-scaled.jpg?w=2560&amp;ssl=1 2560w, https:\/\/i0.wp.com\/gauthierkeyaerts.com\/blog\/wp-content\/uploads\/2019\/12\/AKOUSMATA-7-LAURA-VAZQUEZ-scaled.jpg?resize=300%2C214&amp;ssl=1 300w, https:\/\/i0.wp.com\/gauthierkeyaerts.com\/blog\/wp-content\/uploads\/2019\/12\/AKOUSMATA-7-LAURA-VAZQUEZ-scaled.jpg?resize=1024%2C731&amp;ssl=1 1024w, https:\/\/i0.wp.com\/gauthierkeyaerts.com\/blog\/wp-content\/uploads\/2019\/12\/AKOUSMATA-7-LAURA-VAZQUEZ-scaled.jpg?resize=768%2C549&amp;ssl=1 768w, https:\/\/i0.wp.com\/gauthierkeyaerts.com\/blog\/wp-content\/uploads\/2019\/12\/AKOUSMATA-7-LAURA-VAZQUEZ-scaled.jpg?resize=1536%2C1097&amp;ssl=1 1536w, https:\/\/i0.wp.com\/gauthierkeyaerts.com\/blog\/wp-content\/uploads\/2019\/12\/AKOUSMATA-7-LAURA-VAZQUEZ-scaled.jpg?resize=2048%2C1463&amp;ssl=1 2048w, https:\/\/i0.wp.com\/gauthierkeyaerts.com\/blog\/wp-content\/uploads\/2019\/12\/AKOUSMATA-7-LAURA-VAZQUEZ-scaled.jpg?w=1296&amp;ssl=1 1296w, https:\/\/i0.wp.com\/gauthierkeyaerts.com\/blog\/wp-content\/uploads\/2019\/12\/AKOUSMATA-7-LAURA-VAZQUEZ-scaled.jpg?w=1944&amp;ssl=1 1944w\" sizes=\"auto, (max-width: 648px) 100vw, 648px\" \/><\/p>\n<p><img data-recalc-dims=\"1\" loading=\"lazy\" decoding=\"async\" class=\"alignnone wp-image-960 size-full\" src=\"https:\/\/i0.wp.com\/gauthierkeyaerts.com\/blog\/wp-content\/uploads\/2019\/12\/Document-page-0011-1.jpg?resize=648%2C917&#038;ssl=1\" alt=\"\" width=\"648\" height=\"917\" srcset=\"https:\/\/i0.wp.com\/gauthierkeyaerts.com\/blog\/wp-content\/uploads\/2019\/12\/Document-page-0011-1.jpg?w=1240&amp;ssl=1 1240w, https:\/\/i0.wp.com\/gauthierkeyaerts.com\/blog\/wp-content\/uploads\/2019\/12\/Document-page-0011-1.jpg?resize=212%2C300&amp;ssl=1 212w, https:\/\/i0.wp.com\/gauthierkeyaerts.com\/blog\/wp-content\/uploads\/2019\/12\/Document-page-0011-1.jpg?resize=724%2C1024&amp;ssl=1 724w, https:\/\/i0.wp.com\/gauthierkeyaerts.com\/blog\/wp-content\/uploads\/2019\/12\/Document-page-0011-1.jpg?resize=768%2C1086&amp;ssl=1 768w, https:\/\/i0.wp.com\/gauthierkeyaerts.com\/blog\/wp-content\/uploads\/2019\/12\/Document-page-0011-1.jpg?resize=1086%2C1536&amp;ssl=1 1086w\" sizes=\"auto, (max-width: 648px) 100vw, 648px\" \/><\/p>\n<div id=\"ConnectiveDocSignExtentionInstalled\" data-extension-version=\"1.0.4\"><\/div>\n","protected":false},"excerpt":{"rendered":"<p>L&rsquo;oeil sampler a \u00e9volu\u00e9 au fil du temps, tout comme mon approche artistique, et ce depuis 2013&#8230; ann\u00e9e o\u00f9 je me me connect\u00e9 avec le monde de la po\u00e9sie. Depuis, je ne cesse de collaborer avec des auteur(e)s. Si L&rsquo;oeil Sampler constitue un carnet de bord de mes p\u00e9r\u00e9grinations musicales, et dans le monde de [&hellip;]<\/p>\n","protected":false},"author":1,"featured_media":0,"parent":0,"menu_order":0,"comment_status":"closed","ping_status":"closed","template":"","meta":{"footnotes":""},"class_list":["post-688","page","type-page","status-publish","hentry"],"jetpack_sharing_enabled":true,"_links":{"self":[{"href":"https:\/\/gauthierkeyaerts.com\/blog\/wp-json\/wp\/v2\/pages\/688","targetHints":{"allow":["GET"]}}],"collection":[{"href":"https:\/\/gauthierkeyaerts.com\/blog\/wp-json\/wp\/v2\/pages"}],"about":[{"href":"https:\/\/gauthierkeyaerts.com\/blog\/wp-json\/wp\/v2\/types\/page"}],"author":[{"embeddable":true,"href":"https:\/\/gauthierkeyaerts.com\/blog\/wp-json\/wp\/v2\/users\/1"}],"replies":[{"embeddable":true,"href":"https:\/\/gauthierkeyaerts.com\/blog\/wp-json\/wp\/v2\/comments?post=688"}],"version-history":[{"count":0,"href":"https:\/\/gauthierkeyaerts.com\/blog\/wp-json\/wp\/v2\/pages\/688\/revisions"}],"wp:attachment":[{"href":"https:\/\/gauthierkeyaerts.com\/blog\/wp-json\/wp\/v2\/media?parent=688"}],"curies":[{"name":"wp","href":"https:\/\/api.w.org\/{rel}","templated":true}]}}