{"id":656,"date":"2019-12-22T00:07:45","date_gmt":"2019-12-21T23:07:45","guid":{"rendered":"https:\/\/gauthierkeyaerts.com\/blog\/?page_id=656"},"modified":"2020-01-03T16:49:57","modified_gmt":"2020-01-03T15:49:57","slug":"composez-vous-bruxelles","status":"publish","type":"page","link":"https:\/\/gauthierkeyaerts.com\/blog\/composez-vous-bruxelles\/","title":{"rendered":"Composez-vous Bruxelles ? (Peintures \u00e9lectroniques #2). 2011"},"content":{"rendered":"<p>Portraits crois\u00e9s de Bruxelles&#8230; et d&rsquo;artistes y rr\u00e9sidant. Le tout sous forme de \u00ab\u00a0dialogues\u00a0\u00bb imaginaires, d&rsquo;interviews, de musiques interpr\u00e9t\u00e9es <em>in situ. <\/em><\/p>\n<p><strong>Charlemagne Palestine<\/strong><\/p>\n<p><iframe loading=\"lazy\" src=\"https:\/\/w.soundcloud.com\/player\/?url=https%3A\/\/api.soundcloud.com\/tracks\/732389374&amp;color=%23ff5500&amp;auto_play=false&amp;hide_related=false&amp;show_comments=true&amp;show_user=true&amp;show_reposts=false&amp;show_teaser=true\" width=\"100%\" height=\"166\" frameborder=\"no\" scrolling=\"no\"><\/iframe><\/p>\n<p>&nbsp;<\/p>\n<p>&nbsp;<\/p>\n<p><strong>Maxime Le Hung<\/strong><\/p>\n<p><iframe loading=\"lazy\" src=\"https:\/\/w.soundcloud.com\/player\/?url=https%3A\/\/api.soundcloud.com\/tracks\/732389401&amp;color=%23ff5500&amp;auto_play=false&amp;hide_related=false&amp;show_comments=true&amp;show_user=true&amp;show_reposts=false&amp;show_teaser=true\" width=\"100%\" height=\"166\" frameborder=\"no\" scrolling=\"no\"><\/iframe><\/p>\n<p>&nbsp;<\/p>\n<p>Pour la suite, voir : <a href=\"https:\/\/gauthierkeyaerts.com\/blog\/topographies-imaginaires\/\">Topographies imaginaires<\/a>.<\/p>\n<p>Un projet financ\u00e9 par le <strong>Fonds d&rsquo;Aide \u00e0 la Cr\u00e9ation radiophonique de la Communaut\u00e9 Fran\u00e7aise \u2013 Wallonie, de Belgique<\/strong>.<\/p>\n<p>&nbsp;<\/p>\n","protected":false},"excerpt":{"rendered":"<p>Portraits crois\u00e9s de Bruxelles&#8230; et d&rsquo;artistes y rr\u00e9sidant. Le tout sous forme de \u00ab\u00a0dialogues\u00a0\u00bb imaginaires, d&rsquo;interviews, de musiques interpr\u00e9t\u00e9es in situ. Charlemagne Palestine &nbsp; &nbsp; Maxime Le Hung &nbsp; Pour la suite, voir : Topographies imaginaires. Un projet financ\u00e9 par le Fonds d&rsquo;Aide \u00e0 la Cr\u00e9ation radiophonique de la Communaut\u00e9 Fran\u00e7aise \u2013 Wallonie, de Belgique. [&hellip;]<\/p>\n","protected":false},"author":1,"featured_media":0,"parent":0,"menu_order":0,"comment_status":"closed","ping_status":"closed","template":"","meta":{"footnotes":""},"class_list":["post-656","page","type-page","status-publish","hentry"],"jetpack_sharing_enabled":true,"_links":{"self":[{"href":"https:\/\/gauthierkeyaerts.com\/blog\/wp-json\/wp\/v2\/pages\/656","targetHints":{"allow":["GET"]}}],"collection":[{"href":"https:\/\/gauthierkeyaerts.com\/blog\/wp-json\/wp\/v2\/pages"}],"about":[{"href":"https:\/\/gauthierkeyaerts.com\/blog\/wp-json\/wp\/v2\/types\/page"}],"author":[{"embeddable":true,"href":"https:\/\/gauthierkeyaerts.com\/blog\/wp-json\/wp\/v2\/users\/1"}],"replies":[{"embeddable":true,"href":"https:\/\/gauthierkeyaerts.com\/blog\/wp-json\/wp\/v2\/comments?post=656"}],"version-history":[{"count":0,"href":"https:\/\/gauthierkeyaerts.com\/blog\/wp-json\/wp\/v2\/pages\/656\/revisions"}],"wp:attachment":[{"href":"https:\/\/gauthierkeyaerts.com\/blog\/wp-json\/wp\/v2\/media?parent=656"}],"curies":[{"name":"wp","href":"https:\/\/api.w.org\/{rel}","templated":true}]}}