{"id":65,"date":"2019-10-15T11:13:05","date_gmt":"2019-10-15T09:13:05","guid":{"rendered":"https:\/\/gauthierkeyaerts.com\/blog\/?page_id=65"},"modified":"2024-03-25T16:45:49","modified_gmt":"2024-03-25T15:45:49","slug":"boo-forever","status":"publish","type":"page","link":"https:\/\/gauthierkeyaerts.com\/blog\/boo-forever\/","title":{"rendered":"Boo Forever&#8230; \u00e0 propos de Richard Brautigan"},"content":{"rendered":"<p style=\"text-align: justify;\">Si ma m\u00e9moire est exacte, j\u2019ai lu mon premier roman de Richard Brautigan lors de mon passage \u00e0 l\u2019Universit\u00e9 Libre de Bruxelles, il y a 30 ans environ.<\/p>\n<p style=\"text-align: justify;\">J\u2019ai un doute concernant le titre, \u00e9tait-ce <em><strong>L\u2019avortement<\/strong> <\/em>? <em><strong>La p\u00eache \u00e0 la truite en Am\u00e9rique<\/strong><\/em> \/ <em><strong>Sucre de past\u00e8que<\/strong><\/em> ? <em><strong>Le g\u00e9n\u00e9ral sudiste de Big Sur<\/strong> <\/em>? Aucune id\u00e9e. Ce dont je me souviens c\u2019est de l\u2019humour grin\u00e7ant, des menus d\u00e9tails transform\u00e9s en une sorte de d\u00e9licieuse symphonie obsessionnelle, des sons et caresses \u00e9voqu\u00e9s avec tant de jouissance, des digressions extraordinaires, de l\u2019imaginaire je m\u2019en foutiste, du profond d\u00e9sarroi diffus\u00e9 \u00e0 chaque ponctuation&#8230; Je suis tomb\u00e9 amoureux \u00e0 vie de cet auteur, il est devenu une constante de ma pratique de bibliovore, \u00e0 l\u2019instar de William Burroughs, Hunter S. Thompson ou de Paul Auster. Ce sont des marqueurs essentiels dont Brautigan constitue le chef de file.<\/p>\n<p style=\"text-align: justify;\">Je n\u2019ai jamais revendu le moindre de ses livres, j\u2019en ai donn\u00e9 (et rachet\u00e9 imm\u00e9diatement), c\u2019est pour moi le plus beau cadeau que je puisse faire, enfin le plus sinc\u00e8re en tout cas\u2026<\/p>\n<p>Brautigan est revenu en puissance dans ma vie alors que je travaillais sur un projet artistique particuli\u00e8rement difficile \u00e0 g\u00e9rer, tant au niveau du stress humain, que financier ou logistique\u2026 Tout \u00e0 coup je me suis souvenu d\u2019un passage de <em><strong>Sucre de past\u00e8que<\/strong><\/em>, l\u2019\u00e9vocation d\u2019un son. J\u2019ai voulu transformer ce petit moment d\u2019\u00e9vasion, cette sereine anamn\u00e8se, en un spectacle modeste. Un solo avec un rien de vid\u00e9o\u2026<\/p>\n<p style=\"text-align: justify;\">Et pourtant, au final, <em><strong>Boo Forever<\/strong><\/em> c\u2019est un spectacle ambitieux d\u2019une cinquantaine de minutes, impliquant de nombreux auteurs (voir plus bas), deux musiciens, un vid\u00e9aste \/ sc\u00e9nographe, de nombreuses r\u00e9sidences, beaucoup de recherches, de lectures de contacts administratifs, etc.<\/p>\n<p style=\"text-align: justify;\">Tout cela tient du miracle (vu le budget dont nous avons dispos\u00e9) et du d\u00e9lire. En effet, je suis loin de la forme intimiste\u2026 et j\u2019en suis heureux !<\/p>\n<p style=\"text-align: center;\"><strong>Merci \u00e0 toutes et tous, je vous aime.<\/strong><\/p>\n<p>&nbsp;<\/p>\n<p style=\"text-align: justify;\"><em><img data-recalc-dims=\"1\" loading=\"lazy\" decoding=\"async\" class=\"wp-image-76 size-large aligncenter\" src=\"https:\/\/i0.wp.com\/gauthierkeyaerts.com\/blog\/wp-content\/uploads\/2019\/10\/12BooForeverChirou.jpg?resize=648%2C432&#038;ssl=1\" alt=\"\" width=\"648\" height=\"432\" srcset=\"https:\/\/i0.wp.com\/gauthierkeyaerts.com\/blog\/wp-content\/uploads\/2019\/10\/12BooForeverChirou.jpg?resize=1024%2C683&amp;ssl=1 1024w, https:\/\/i0.wp.com\/gauthierkeyaerts.com\/blog\/wp-content\/uploads\/2019\/10\/12BooForeverChirou.jpg?resize=300%2C200&amp;ssl=1 300w, https:\/\/i0.wp.com\/gauthierkeyaerts.com\/blog\/wp-content\/uploads\/2019\/10\/12BooForeverChirou.jpg?resize=768%2C512&amp;ssl=1 768w, https:\/\/i0.wp.com\/gauthierkeyaerts.com\/blog\/wp-content\/uploads\/2019\/10\/12BooForeverChirou.jpg?w=1296&amp;ssl=1 1296w, https:\/\/i0.wp.com\/gauthierkeyaerts.com\/blog\/wp-content\/uploads\/2019\/10\/12BooForeverChirou.jpg?w=1944&amp;ssl=1 1944w\" sizes=\"auto, (max-width: 648px) 100vw, 648px\" \/><\/em><\/p>\n<p>&nbsp;<\/p>\n<p style=\"text-align: justify;\"><em>\u00ab\u00a0<strong>Boo Forever<\/strong><\/em> est un spectacle \u00e0 plusieurs voix, \u00e0 plusieurs dimensions musicales, visuelles et po\u00e9tiques, tentant de pr\u00e9senter une \u0153uvre tout aussi polymorphe, celle de l\u2019\u00e9crivain am\u00e9ricain, Richard Brautigan (1935-1984), \u00e0 qui l\u2019on doit notamment <em>La p\u00eache \u00e0 la truite en Am\u00e9rique<\/em>.<\/p>\n<p style=\"text-align: justify;\"><em><strong>Boo Forever<\/strong><\/em> devient voyage durant lequel s\u2019entrecroisent des cr\u00e9ations musicales de type folk, rock et \u00e9lectronique, des textes po\u00e9tiques r\u00e9dig\u00e9s par des \u00e9crivains de diverses origines et des projections vid\u00e9ographiques qui emportent le spectateur dans les univers concrets ou fantasmagoriques qui ont marqu\u00e9 la vie et l\u2019\u0153uvre de Richard Brautigan.<\/p>\n<p style=\"text-align: justify;\">Les deux arts toujours pr\u00e9sents sur sc\u00e8ne sont la musique et la vid\u00e9ographie; les \u00e9crivains, eux, interviennent sur sc\u00e8ne ou par leur voix seulement dans une sorte de dialogue avec les musiciens et avec les images pr\u00e9sent\u00e9es dans la vid\u00e9ographie nous donnant aussi \u00e0 voir et \u00e0 entendre Richard Brautigan, lui-m\u00eame; cette pr\u00e9sence, sa pr\u00e9sence dans le spectacle constitue pour nous un point de d\u00e9part et la ligne d\u2019arriv\u00e9e d\u2019une travers\u00e9e de son \u0153uvre litt\u00e9raire. Le tout constitue un ensemble po\u00e9tique, dirions-nous faute de mieux, o\u00f9 chacun (musiciens, vid\u00e9aste, auteurs) contribue \u00e0 engendrer un tout singulier qui r\u00e9sonne bien au-del\u00e0 d\u2019un simple hommage \u00e0 l\u2019auteur am\u00e9ricain.\u00a0\u00bb (Extrait du dossier de presse)<\/p>\n<p><strong>Teaser :<\/strong><\/p>\n<p><iframe loading=\"lazy\" src=\"https:\/\/player.vimeo.com\/video\/248337875?color=c9ff23&amp;byline=0&amp;portrait=0\" width=\"640\" height=\"360\" frameborder=\"0\" allowfullscreen=\"allowfullscreen\"><\/iframe><\/p>\n<p><a href=\"https:\/\/vimeo.com\/248337875\">BOO FOREVER extracts<\/a> from <a href=\"https:\/\/vimeo.com\/whitemarket\">White Market<\/a> on <a href=\"https:\/\/vimeo.com\">Vimeo<\/a>.<\/p>\n<p>&nbsp;<\/p>\n<p style=\"text-align: justify;\">Cette performance \u00e9voque plus qu\u2019elle ne cite l\u2019homme, son \u0153uvre, et ses univers allant de la prose \u00e0 la po\u00e9sie. <em><strong>Boo Forever<\/strong><\/em> s\u2019av\u00e8re une occasion de re-d\u00e9couvrir cet \u00e9crivain finalement mal connu, parfois m\u00eame mal aim\u00e9\u2026 En fil rouge de la vid\u00e9o, on entend des extraits de <em><strong>Mayonnaise<\/strong><\/em>, essai biographique de l\u2019\u00e9crivain qu\u00e9b\u00e9cois <strong>Eric Plamondon<\/strong>, soutenu ou sublim\u00e9 par des textes in\u00e9dits et inspir\u00e9s par la vie de Brautigan et par certaines th\u00e9matiques qui lui \u00e9taient ch\u00e8res.<\/p>\n<p>Ces textes ont \u00e9t\u00e9 r\u00e9dig\u00e9s et sont lus\/interpr\u00e9t\u00e9s (en live ou en off) par leurs auteurs.<\/p>\n<p>Une exp\u00e9rience particuli\u00e8re qui s\u2019adresse \u00e0 tous ceux qui aiment explorer, d\u00e9couvrir.<\/p>\n<p>&nbsp;<\/p>\n<p><a href=\"https:\/\/gauthierkeyaerts.com\/blog\/wp-content\/uploads\/2019\/12\/BOOFOREVERDossierFR.pdf\">Dossier de presse Fran\u00e7ais<\/a><\/p>\n<p><a href=\"https:\/\/gauthierkeyaerts.com\/blog\/wp-content\/uploads\/2019\/12\/BOOFOREVERDossierEN.pdf\">Dossier de presse Anglais<\/a><\/p>\n<p>&nbsp;<\/p>\n<div id='gallery-1' class='gallery galleryid-65 gallery-columns-4 gallery-size-thumbnail'><figure class='gallery-item'>\n\t\t\t<div class='gallery-icon landscape'>\n\t\t\t\t<a href=\"https:\/\/i0.wp.com\/gauthierkeyaerts.com\/blog\/wp-content\/uploads\/2019\/10\/20BooForeverChirou.jpg?ssl=1\"><img loading=\"lazy\" decoding=\"async\" width=\"150\" height=\"150\" src=\"https:\/\/i0.wp.com\/gauthierkeyaerts.com\/blog\/wp-content\/uploads\/2019\/10\/20BooForeverChirou.jpg?resize=150%2C150&amp;ssl=1\" class=\"attachment-thumbnail size-thumbnail\" alt=\"\" srcset=\"https:\/\/i0.wp.com\/gauthierkeyaerts.com\/blog\/wp-content\/uploads\/2019\/10\/20BooForeverChirou.jpg?resize=150%2C150&amp;ssl=1 150w, https:\/\/i0.wp.com\/gauthierkeyaerts.com\/blog\/wp-content\/uploads\/2019\/10\/20BooForeverChirou.jpg?resize=60%2C60&amp;ssl=1 60w, https:\/\/i0.wp.com\/gauthierkeyaerts.com\/blog\/wp-content\/uploads\/2019\/10\/20BooForeverChirou.jpg?zoom=2&amp;resize=150%2C150&amp;ssl=1 300w, https:\/\/i0.wp.com\/gauthierkeyaerts.com\/blog\/wp-content\/uploads\/2019\/10\/20BooForeverChirou.jpg?zoom=3&amp;resize=150%2C150&amp;ssl=1 450w\" sizes=\"auto, (max-width: 150px) 100vw, 150px\" \/><\/a>\n\t\t\t<\/div><\/figure><figure class='gallery-item'>\n\t\t\t<div class='gallery-icon landscape'>\n\t\t\t\t<a href=\"https:\/\/i0.wp.com\/gauthierkeyaerts.com\/blog\/wp-content\/uploads\/2019\/10\/30BooForeverChirou.jpg?ssl=1\"><img loading=\"lazy\" decoding=\"async\" width=\"150\" height=\"150\" src=\"https:\/\/i0.wp.com\/gauthierkeyaerts.com\/blog\/wp-content\/uploads\/2019\/10\/30BooForeverChirou.jpg?resize=150%2C150&amp;ssl=1\" class=\"attachment-thumbnail size-thumbnail\" alt=\"\" srcset=\"https:\/\/i0.wp.com\/gauthierkeyaerts.com\/blog\/wp-content\/uploads\/2019\/10\/30BooForeverChirou.jpg?resize=150%2C150&amp;ssl=1 150w, https:\/\/i0.wp.com\/gauthierkeyaerts.com\/blog\/wp-content\/uploads\/2019\/10\/30BooForeverChirou.jpg?resize=60%2C60&amp;ssl=1 60w, https:\/\/i0.wp.com\/gauthierkeyaerts.com\/blog\/wp-content\/uploads\/2019\/10\/30BooForeverChirou.jpg?zoom=2&amp;resize=150%2C150&amp;ssl=1 300w, https:\/\/i0.wp.com\/gauthierkeyaerts.com\/blog\/wp-content\/uploads\/2019\/10\/30BooForeverChirou.jpg?zoom=3&amp;resize=150%2C150&amp;ssl=1 450w\" sizes=\"auto, (max-width: 150px) 100vw, 150px\" \/><\/a>\n\t\t\t<\/div><\/figure><figure class='gallery-item'>\n\t\t\t<div class='gallery-icon landscape'>\n\t\t\t\t<a href=\"https:\/\/i0.wp.com\/gauthierkeyaerts.com\/blog\/wp-content\/uploads\/2019\/10\/35BooForeverChirou.jpg?ssl=1\"><img loading=\"lazy\" decoding=\"async\" width=\"150\" height=\"150\" src=\"https:\/\/i0.wp.com\/gauthierkeyaerts.com\/blog\/wp-content\/uploads\/2019\/10\/35BooForeverChirou.jpg?resize=150%2C150&amp;ssl=1\" class=\"attachment-thumbnail size-thumbnail\" alt=\"\" srcset=\"https:\/\/i0.wp.com\/gauthierkeyaerts.com\/blog\/wp-content\/uploads\/2019\/10\/35BooForeverChirou.jpg?resize=150%2C150&amp;ssl=1 150w, https:\/\/i0.wp.com\/gauthierkeyaerts.com\/blog\/wp-content\/uploads\/2019\/10\/35BooForeverChirou.jpg?resize=60%2C60&amp;ssl=1 60w, https:\/\/i0.wp.com\/gauthierkeyaerts.com\/blog\/wp-content\/uploads\/2019\/10\/35BooForeverChirou.jpg?zoom=2&amp;resize=150%2C150&amp;ssl=1 300w, https:\/\/i0.wp.com\/gauthierkeyaerts.com\/blog\/wp-content\/uploads\/2019\/10\/35BooForeverChirou.jpg?zoom=3&amp;resize=150%2C150&amp;ssl=1 450w\" sizes=\"auto, (max-width: 150px) 100vw, 150px\" \/><\/a>\n\t\t\t<\/div><\/figure><figure class='gallery-item'>\n\t\t\t<div class='gallery-icon landscape'>\n\t\t\t\t<a href=\"https:\/\/i0.wp.com\/gauthierkeyaerts.com\/blog\/wp-content\/uploads\/2019\/10\/32BooForeverChirou.jpg?ssl=1\"><img loading=\"lazy\" decoding=\"async\" width=\"150\" height=\"150\" src=\"https:\/\/i0.wp.com\/gauthierkeyaerts.com\/blog\/wp-content\/uploads\/2019\/10\/32BooForeverChirou.jpg?resize=150%2C150&amp;ssl=1\" class=\"attachment-thumbnail size-thumbnail\" alt=\"\" srcset=\"https:\/\/i0.wp.com\/gauthierkeyaerts.com\/blog\/wp-content\/uploads\/2019\/10\/32BooForeverChirou.jpg?resize=150%2C150&amp;ssl=1 150w, https:\/\/i0.wp.com\/gauthierkeyaerts.com\/blog\/wp-content\/uploads\/2019\/10\/32BooForeverChirou.jpg?resize=60%2C60&amp;ssl=1 60w, https:\/\/i0.wp.com\/gauthierkeyaerts.com\/blog\/wp-content\/uploads\/2019\/10\/32BooForeverChirou.jpg?zoom=2&amp;resize=150%2C150&amp;ssl=1 300w, https:\/\/i0.wp.com\/gauthierkeyaerts.com\/blog\/wp-content\/uploads\/2019\/10\/32BooForeverChirou.jpg?zoom=3&amp;resize=150%2C150&amp;ssl=1 450w\" sizes=\"auto, (max-width: 150px) 100vw, 150px\" \/><\/a>\n\t\t\t<\/div><\/figure><figure class='gallery-item'>\n\t\t\t<div class='gallery-icon landscape'>\n\t\t\t\t<a href=\"https:\/\/i0.wp.com\/gauthierkeyaerts.com\/blog\/wp-content\/uploads\/2019\/10\/21BooForeverChirou.jpg?ssl=1\"><img loading=\"lazy\" decoding=\"async\" width=\"150\" height=\"150\" src=\"https:\/\/i0.wp.com\/gauthierkeyaerts.com\/blog\/wp-content\/uploads\/2019\/10\/21BooForeverChirou.jpg?resize=150%2C150&amp;ssl=1\" class=\"attachment-thumbnail size-thumbnail\" alt=\"\" srcset=\"https:\/\/i0.wp.com\/gauthierkeyaerts.com\/blog\/wp-content\/uploads\/2019\/10\/21BooForeverChirou.jpg?resize=150%2C150&amp;ssl=1 150w, https:\/\/i0.wp.com\/gauthierkeyaerts.com\/blog\/wp-content\/uploads\/2019\/10\/21BooForeverChirou.jpg?resize=60%2C60&amp;ssl=1 60w, https:\/\/i0.wp.com\/gauthierkeyaerts.com\/blog\/wp-content\/uploads\/2019\/10\/21BooForeverChirou.jpg?zoom=2&amp;resize=150%2C150&amp;ssl=1 300w, https:\/\/i0.wp.com\/gauthierkeyaerts.com\/blog\/wp-content\/uploads\/2019\/10\/21BooForeverChirou.jpg?zoom=3&amp;resize=150%2C150&amp;ssl=1 450w\" sizes=\"auto, (max-width: 150px) 100vw, 150px\" \/><\/a>\n\t\t\t<\/div><\/figure><figure class='gallery-item'>\n\t\t\t<div class='gallery-icon landscape'>\n\t\t\t\t<a href=\"https:\/\/i0.wp.com\/gauthierkeyaerts.com\/blog\/wp-content\/uploads\/2019\/10\/06BooForeverChirou.jpg?ssl=1\"><img loading=\"lazy\" decoding=\"async\" width=\"150\" height=\"150\" src=\"https:\/\/i0.wp.com\/gauthierkeyaerts.com\/blog\/wp-content\/uploads\/2019\/10\/06BooForeverChirou.jpg?resize=150%2C150&amp;ssl=1\" class=\"attachment-thumbnail size-thumbnail\" alt=\"\" srcset=\"https:\/\/i0.wp.com\/gauthierkeyaerts.com\/blog\/wp-content\/uploads\/2019\/10\/06BooForeverChirou.jpg?resize=150%2C150&amp;ssl=1 150w, https:\/\/i0.wp.com\/gauthierkeyaerts.com\/blog\/wp-content\/uploads\/2019\/10\/06BooForeverChirou.jpg?resize=60%2C60&amp;ssl=1 60w, https:\/\/i0.wp.com\/gauthierkeyaerts.com\/blog\/wp-content\/uploads\/2019\/10\/06BooForeverChirou.jpg?zoom=2&amp;resize=150%2C150&amp;ssl=1 300w, https:\/\/i0.wp.com\/gauthierkeyaerts.com\/blog\/wp-content\/uploads\/2019\/10\/06BooForeverChirou.jpg?zoom=3&amp;resize=150%2C150&amp;ssl=1 450w\" sizes=\"auto, (max-width: 150px) 100vw, 150px\" \/><\/a>\n\t\t\t<\/div><\/figure><figure class='gallery-item'>\n\t\t\t<div class='gallery-icon landscape'>\n\t\t\t\t<a href=\"https:\/\/i0.wp.com\/gauthierkeyaerts.com\/blog\/wp-content\/uploads\/2019\/10\/26BooForeverChirou.jpg?ssl=1\"><img loading=\"lazy\" decoding=\"async\" width=\"150\" height=\"150\" src=\"https:\/\/i0.wp.com\/gauthierkeyaerts.com\/blog\/wp-content\/uploads\/2019\/10\/26BooForeverChirou.jpg?resize=150%2C150&amp;ssl=1\" class=\"attachment-thumbnail size-thumbnail\" alt=\"\" srcset=\"https:\/\/i0.wp.com\/gauthierkeyaerts.com\/blog\/wp-content\/uploads\/2019\/10\/26BooForeverChirou.jpg?resize=150%2C150&amp;ssl=1 150w, https:\/\/i0.wp.com\/gauthierkeyaerts.com\/blog\/wp-content\/uploads\/2019\/10\/26BooForeverChirou.jpg?resize=60%2C60&amp;ssl=1 60w, https:\/\/i0.wp.com\/gauthierkeyaerts.com\/blog\/wp-content\/uploads\/2019\/10\/26BooForeverChirou.jpg?zoom=2&amp;resize=150%2C150&amp;ssl=1 300w, https:\/\/i0.wp.com\/gauthierkeyaerts.com\/blog\/wp-content\/uploads\/2019\/10\/26BooForeverChirou.jpg?zoom=3&amp;resize=150%2C150&amp;ssl=1 450w\" sizes=\"auto, (max-width: 150px) 100vw, 150px\" \/><\/a>\n\t\t\t<\/div><\/figure><figure class='gallery-item'>\n\t\t\t<div class='gallery-icon landscape'>\n\t\t\t\t<a href=\"https:\/\/i0.wp.com\/gauthierkeyaerts.com\/blog\/wp-content\/uploads\/2019\/10\/12BooForeverChirou.jpg?ssl=1\"><img loading=\"lazy\" decoding=\"async\" width=\"150\" height=\"150\" src=\"https:\/\/i0.wp.com\/gauthierkeyaerts.com\/blog\/wp-content\/uploads\/2019\/10\/12BooForeverChirou.jpg?resize=150%2C150&amp;ssl=1\" class=\"attachment-thumbnail size-thumbnail\" alt=\"\" srcset=\"https:\/\/i0.wp.com\/gauthierkeyaerts.com\/blog\/wp-content\/uploads\/2019\/10\/12BooForeverChirou.jpg?resize=150%2C150&amp;ssl=1 150w, https:\/\/i0.wp.com\/gauthierkeyaerts.com\/blog\/wp-content\/uploads\/2019\/10\/12BooForeverChirou.jpg?resize=60%2C60&amp;ssl=1 60w, https:\/\/i0.wp.com\/gauthierkeyaerts.com\/blog\/wp-content\/uploads\/2019\/10\/12BooForeverChirou.jpg?zoom=2&amp;resize=150%2C150&amp;ssl=1 300w, https:\/\/i0.wp.com\/gauthierkeyaerts.com\/blog\/wp-content\/uploads\/2019\/10\/12BooForeverChirou.jpg?zoom=3&amp;resize=150%2C150&amp;ssl=1 450w\" sizes=\"auto, (max-width: 150px) 100vw, 150px\" \/><\/a>\n\t\t\t<\/div><\/figure>\n\t\t<\/div>\n\n<p><strong><a href=\"\/blog\/contact\/\">Infos \/ Booking \/ Contact<\/a><br \/>\n<\/strong><\/p>\n<p style=\"text-align: justify;\"><span style=\"text-decoration: underline;\"><strong>D\u2019apr\u00e8s une id\u00e9e de<\/strong> :<\/span><\/p>\n<p style=\"text-align: justify;\">Gauthier Keyaerts.<\/p>\n<p>&nbsp;<\/p>\n<p style=\"text-align: justify;\"><span style=\"text-decoration: underline;\"><strong>Co-cr\u00e9ateurs <\/strong>:<\/span><\/p>\n<p style=\"text-align: justify;\">Gauthier Keyaerts, Jonas Luyckx, Stephan Ink.<\/p>\n<p style=\"text-align: justify;\"><strong>Musiques, bruitages, lutherie :<\/strong><\/p>\n<p style=\"text-align: justify;\">Gauthier Keyaerts et Stephan Ink.<\/p>\n<p>&nbsp;<\/p>\n<p style=\"text-align: justify;\"><span style=\"text-decoration: underline;\"><strong>Mise en image (sauf, archives), et sc\u00e9nographie :<\/strong><\/span><\/p>\n<p style=\"text-align: justify;\">Jonas Luyckx.<\/p>\n<p>&nbsp;<\/p>\n<p style=\"text-align: justify;\"><span style=\"text-decoration: underline;\"><strong>Textes et lectures :<\/strong><\/span><\/p>\n<p style=\"text-align: justify;\">Eric Plamondon, Jean-Marc Desgent, Vincent Tholom\u00e9, Annie Lafleur, Bertrand Laverdure, Margarida Guia, Daniel Vander Gucht.<\/p>\n<p>&nbsp;<\/p>\n<p style=\"text-align: justify;\"><em><strong>Dur\u00e9e du spectacle :<\/strong><\/em> 50 minutes.<\/p>\n<p>&nbsp;<\/p>\n<p style=\"text-align: justify;\"><strong><span style=\"text-decoration: underline;\">Une production :<\/span><br \/>\n<\/strong><\/p>\n<p style=\"text-align: justify;\"><em>White Market, Back from the Deaf et Pick Up Studio<\/em><\/p>\n<p>&nbsp;<\/p>\n<p style=\"text-align: justify;\"><strong><span style=\"text-decoration: underline;\">Avec le soutien de :<\/span><br \/>\n<\/strong><\/p>\n<p style=\"text-align: justify;\">La C<em>ommission interdisciplinaire de La F\u00e9d\u00e9ration Wallonie-Bruxelles, <a href=\"http:\/\/transcultures.be\/\">Transcultures<\/a>, <\/em><a href=\"https:\/\/www.chiroux.be\/\"><em>Les Chiroux<\/em> <\/a>Centre Culturel de Li\u00e8ge, <em>La Marlagne<\/em> cr\u00e9ation, Le <em>MUDAM<\/em> Luxembourg, Le <em>Z\u00e9t\u00e9tique Th\u00e9\u00e2tre<\/em>.<\/p>\n<p>&nbsp;<\/p>\n<p style=\"text-align: justify;\"><strong>Une fiche technique compl\u00e8te lumi\u00e8re et son est \u00e0 disposition.<\/strong><\/p>\n<p>&nbsp;<\/p>\n<div id='gallery-2' class='gallery galleryid-65 gallery-columns-5 gallery-size-thumbnail'><figure class='gallery-item'>\n\t\t\t<div class='gallery-icon landscape'>\n\t\t\t\t<a href=\"https:\/\/i0.wp.com\/gauthierkeyaerts.com\/blog\/wp-content\/uploads\/2019\/10\/05BooForever800px.jpg?ssl=1\"><img loading=\"lazy\" decoding=\"async\" width=\"150\" height=\"150\" src=\"https:\/\/i0.wp.com\/gauthierkeyaerts.com\/blog\/wp-content\/uploads\/2019\/10\/05BooForever800px.jpg?resize=150%2C150&amp;ssl=1\" class=\"attachment-thumbnail size-thumbnail\" alt=\"\" srcset=\"https:\/\/i0.wp.com\/gauthierkeyaerts.com\/blog\/wp-content\/uploads\/2019\/10\/05BooForever800px.jpg?resize=150%2C150&amp;ssl=1 150w, https:\/\/i0.wp.com\/gauthierkeyaerts.com\/blog\/wp-content\/uploads\/2019\/10\/05BooForever800px.jpg?resize=60%2C60&amp;ssl=1 60w, https:\/\/i0.wp.com\/gauthierkeyaerts.com\/blog\/wp-content\/uploads\/2019\/10\/05BooForever800px.jpg?zoom=2&amp;resize=150%2C150&amp;ssl=1 300w, https:\/\/i0.wp.com\/gauthierkeyaerts.com\/blog\/wp-content\/uploads\/2019\/10\/05BooForever800px.jpg?zoom=3&amp;resize=150%2C150&amp;ssl=1 450w\" sizes=\"auto, (max-width: 150px) 100vw, 150px\" \/><\/a>\n\t\t\t<\/div><\/figure><figure class='gallery-item'>\n\t\t\t<div class='gallery-icon landscape'>\n\t\t\t\t<a href=\"https:\/\/i0.wp.com\/gauthierkeyaerts.com\/blog\/wp-content\/uploads\/2019\/10\/08BooForeverChirou.jpg?ssl=1\"><img loading=\"lazy\" decoding=\"async\" width=\"150\" height=\"150\" src=\"https:\/\/i0.wp.com\/gauthierkeyaerts.com\/blog\/wp-content\/uploads\/2019\/10\/08BooForeverChirou.jpg?resize=150%2C150&amp;ssl=1\" class=\"attachment-thumbnail size-thumbnail\" alt=\"\" srcset=\"https:\/\/i0.wp.com\/gauthierkeyaerts.com\/blog\/wp-content\/uploads\/2019\/10\/08BooForeverChirou.jpg?resize=150%2C150&amp;ssl=1 150w, https:\/\/i0.wp.com\/gauthierkeyaerts.com\/blog\/wp-content\/uploads\/2019\/10\/08BooForeverChirou.jpg?resize=60%2C60&amp;ssl=1 60w, https:\/\/i0.wp.com\/gauthierkeyaerts.com\/blog\/wp-content\/uploads\/2019\/10\/08BooForeverChirou.jpg?zoom=2&amp;resize=150%2C150&amp;ssl=1 300w, https:\/\/i0.wp.com\/gauthierkeyaerts.com\/blog\/wp-content\/uploads\/2019\/10\/08BooForeverChirou.jpg?zoom=3&amp;resize=150%2C150&amp;ssl=1 450w\" sizes=\"auto, (max-width: 150px) 100vw, 150px\" \/><\/a>\n\t\t\t<\/div><\/figure><figure class='gallery-item'>\n\t\t\t<div class='gallery-icon landscape'>\n\t\t\t\t<a href=\"https:\/\/i0.wp.com\/gauthierkeyaerts.com\/blog\/wp-content\/uploads\/2019\/10\/05BooForeverChirou.jpg?ssl=1\"><img loading=\"lazy\" decoding=\"async\" width=\"150\" height=\"150\" src=\"https:\/\/i0.wp.com\/gauthierkeyaerts.com\/blog\/wp-content\/uploads\/2019\/10\/05BooForeverChirou.jpg?resize=150%2C150&amp;ssl=1\" class=\"attachment-thumbnail size-thumbnail\" alt=\"\" srcset=\"https:\/\/i0.wp.com\/gauthierkeyaerts.com\/blog\/wp-content\/uploads\/2019\/10\/05BooForeverChirou.jpg?resize=150%2C150&amp;ssl=1 150w, https:\/\/i0.wp.com\/gauthierkeyaerts.com\/blog\/wp-content\/uploads\/2019\/10\/05BooForeverChirou.jpg?resize=60%2C60&amp;ssl=1 60w, https:\/\/i0.wp.com\/gauthierkeyaerts.com\/blog\/wp-content\/uploads\/2019\/10\/05BooForeverChirou.jpg?zoom=2&amp;resize=150%2C150&amp;ssl=1 300w, https:\/\/i0.wp.com\/gauthierkeyaerts.com\/blog\/wp-content\/uploads\/2019\/10\/05BooForeverChirou.jpg?zoom=3&amp;resize=150%2C150&amp;ssl=1 450w\" sizes=\"auto, (max-width: 150px) 100vw, 150px\" \/><\/a>\n\t\t\t<\/div><\/figure><figure class='gallery-item'>\n\t\t\t<div class='gallery-icon landscape'>\n\t\t\t\t<a href=\"https:\/\/i0.wp.com\/gauthierkeyaerts.com\/blog\/wp-content\/uploads\/2019\/10\/19BooForever800px.jpg?ssl=1\"><img loading=\"lazy\" decoding=\"async\" width=\"150\" height=\"150\" src=\"https:\/\/i0.wp.com\/gauthierkeyaerts.com\/blog\/wp-content\/uploads\/2019\/10\/19BooForever800px.jpg?resize=150%2C150&amp;ssl=1\" class=\"attachment-thumbnail size-thumbnail\" alt=\"\" srcset=\"https:\/\/i0.wp.com\/gauthierkeyaerts.com\/blog\/wp-content\/uploads\/2019\/10\/19BooForever800px.jpg?resize=150%2C150&amp;ssl=1 150w, https:\/\/i0.wp.com\/gauthierkeyaerts.com\/blog\/wp-content\/uploads\/2019\/10\/19BooForever800px.jpg?resize=60%2C60&amp;ssl=1 60w, https:\/\/i0.wp.com\/gauthierkeyaerts.com\/blog\/wp-content\/uploads\/2019\/10\/19BooForever800px.jpg?zoom=2&amp;resize=150%2C150&amp;ssl=1 300w, https:\/\/i0.wp.com\/gauthierkeyaerts.com\/blog\/wp-content\/uploads\/2019\/10\/19BooForever800px.jpg?zoom=3&amp;resize=150%2C150&amp;ssl=1 450w\" sizes=\"auto, (max-width: 150px) 100vw, 150px\" \/><\/a>\n\t\t\t<\/div><\/figure><figure class='gallery-item'>\n\t\t\t<div class='gallery-icon landscape'>\n\t\t\t\t<a href=\"https:\/\/i0.wp.com\/gauthierkeyaerts.com\/blog\/wp-content\/uploads\/2019\/10\/16BooForever800px.jpg?ssl=1\"><img loading=\"lazy\" decoding=\"async\" width=\"150\" height=\"150\" src=\"https:\/\/i0.wp.com\/gauthierkeyaerts.com\/blog\/wp-content\/uploads\/2019\/10\/16BooForever800px.jpg?resize=150%2C150&amp;ssl=1\" class=\"attachment-thumbnail size-thumbnail\" alt=\"\" srcset=\"https:\/\/i0.wp.com\/gauthierkeyaerts.com\/blog\/wp-content\/uploads\/2019\/10\/16BooForever800px.jpg?resize=150%2C150&amp;ssl=1 150w, https:\/\/i0.wp.com\/gauthierkeyaerts.com\/blog\/wp-content\/uploads\/2019\/10\/16BooForever800px.jpg?resize=60%2C60&amp;ssl=1 60w, https:\/\/i0.wp.com\/gauthierkeyaerts.com\/blog\/wp-content\/uploads\/2019\/10\/16BooForever800px.jpg?zoom=2&amp;resize=150%2C150&amp;ssl=1 300w, https:\/\/i0.wp.com\/gauthierkeyaerts.com\/blog\/wp-content\/uploads\/2019\/10\/16BooForever800px.jpg?zoom=3&amp;resize=150%2C150&amp;ssl=1 450w\" sizes=\"auto, (max-width: 150px) 100vw, 150px\" \/><\/a>\n\t\t\t<\/div><\/figure>\n\t\t<\/div>\n\n<p style=\"text-align: justify;\"><span style=\"text-decoration: underline;\"><strong>R\u00e9sidences de cr\u00e9ation:<\/strong><\/span><\/p>\n<p>&nbsp;<\/p>\n<p style=\"text-align: justify;\"><em>La Marlagne<\/em> Centre Culturel Marcel Hicter &#8211; Namur (Be) ;<\/p>\n<p style=\"text-align: justify;\"><em>Z\u00e9t\u00e9tique Th\u00e9\u00e2tre<\/em> &#8211; Li\u00e8ge (Be);<\/p>\n<p style=\"text-align: justify;\"><em>L\u2019An Vert<\/em> &#8211; ateliers d\u2019art et d\u2019essais &#8211; Li\u00e8ge (Be).<\/p>\n<p>&nbsp;<\/p>\n<p style=\"text-align: justify;\"><strong><span style=\"text-decoration: underline;\"><em>Boo Forever,<\/em> dates de concert :<\/span> <\/strong><\/p>\n<p>&nbsp;<\/p>\n<p style=\"text-align: justify;\"><em>MUDAM, Mus\u00e9e d\u2019Art Moderne Grand-Duc Jean<\/em> (Lu) ;<\/p>\n<p style=\"text-align: justify;\"><em>Les Chiroux<\/em> &#8211; Centre Culturel de Li\u00e8ge (Be) ;<\/p>\n<p style=\"text-align: justify;\"><em>S\u00e9maphore<\/em> &#8211; Festival de la parole po\u00e9tique, Quimperl\u00e9 (Fr) ;<\/p>\n<p style=\"text-align: justify;\">V<em>id\u00e9oformes<\/em> &#8211; Festival international d\u2019arts num\u00e9riques Clermont-Ferrand (Fr) ;<\/p>\n<p style=\"text-align: justify;\"><em>FIAV &#8211;<\/em> Festival International d\u2019Art Vid\u00e9o de Casablanca (Ma) ;<\/p>\n<p style=\"text-align: justify;\"><em>Festival OFNI<\/em> &#8211; Nyktalop M\u00e9lodie &#8211; Poitiers (Fr).<\/p>\n<div id=\"ConnectiveDocSignExtentionInstalled\" data-extension-version=\"1.0.4\"><\/div>\n","protected":false},"excerpt":{"rendered":"<p>Si ma m\u00e9moire est exacte, j\u2019ai lu mon premier roman de Richard Brautigan lors de mon passage \u00e0 l\u2019Universit\u00e9 Libre de Bruxelles, il y a 30 ans environ. J\u2019ai un doute concernant le titre, \u00e9tait-ce L\u2019avortement ? La p\u00eache \u00e0 la truite en Am\u00e9rique \/ Sucre de past\u00e8que ? Le g\u00e9n\u00e9ral sudiste de Big Sur [&hellip;]<\/p>\n","protected":false},"author":1,"featured_media":0,"parent":0,"menu_order":0,"comment_status":"closed","ping_status":"closed","template":"","meta":{"footnotes":""},"class_list":["post-65","page","type-page","status-publish","hentry"],"jetpack_sharing_enabled":true,"_links":{"self":[{"href":"https:\/\/gauthierkeyaerts.com\/blog\/wp-json\/wp\/v2\/pages\/65","targetHints":{"allow":["GET"]}}],"collection":[{"href":"https:\/\/gauthierkeyaerts.com\/blog\/wp-json\/wp\/v2\/pages"}],"about":[{"href":"https:\/\/gauthierkeyaerts.com\/blog\/wp-json\/wp\/v2\/types\/page"}],"author":[{"embeddable":true,"href":"https:\/\/gauthierkeyaerts.com\/blog\/wp-json\/wp\/v2\/users\/1"}],"replies":[{"embeddable":true,"href":"https:\/\/gauthierkeyaerts.com\/blog\/wp-json\/wp\/v2\/comments?post=65"}],"version-history":[{"count":0,"href":"https:\/\/gauthierkeyaerts.com\/blog\/wp-json\/wp\/v2\/pages\/65\/revisions"}],"wp:attachment":[{"href":"https:\/\/gauthierkeyaerts.com\/blog\/wp-json\/wp\/v2\/media?parent=65"}],"curies":[{"name":"wp","href":"https:\/\/api.w.org\/{rel}","templated":true}]}}