{"id":646,"date":"2019-11-30T00:45:20","date_gmt":"2019-11-29T23:45:20","guid":{"rendered":"https:\/\/gauthierkeyaerts.com\/blog\/?page_id=646"},"modified":"2020-01-05T12:43:07","modified_gmt":"2020-01-05T11:43:07","slug":"topographies-imaginaires","status":"publish","type":"page","link":"https:\/\/gauthierkeyaerts.com\/blog\/topographies-imaginaires\/","title":{"rendered":"Topographies imaginaires (Peintures \u00e9lectroniques #3). 2015"},"content":{"rendered":"<p><img data-recalc-dims=\"1\" loading=\"lazy\" decoding=\"async\" class=\"alignnone wp-image-624 aligncenter\" src=\"https:\/\/i0.wp.com\/gauthierkeyaerts.com\/blog\/wp-content\/uploads\/2019\/11\/Illus-Topographies-imaginaires.jpg?resize=237%2C335&#038;ssl=1\" alt=\"\" width=\"237\" height=\"335\" data-wp-editing=\"1\" srcset=\"https:\/\/i0.wp.com\/gauthierkeyaerts.com\/blog\/wp-content\/uploads\/2019\/11\/Illus-Topographies-imaginaires.jpg?resize=212%2C300&amp;ssl=1 212w, https:\/\/i0.wp.com\/gauthierkeyaerts.com\/blog\/wp-content\/uploads\/2019\/11\/Illus-Topographies-imaginaires.jpg?w=706&amp;ssl=1 706w\" sizes=\"auto, (max-width: 237px) 100vw, 237px\" \/><\/p>\n<p>&nbsp;<\/p>\n<p style=\"text-align: justify;\">Trafic, chants d&rsquo;oiseaux, craquements de branches et de feuilles, sonneries de gsm suivies de conversations impromptues, cris \u2013 de joie, de tristesse, de col\u00e8re &#8211; , \u00e9coute de soi\u2026 Au quotidien, le son nous enveloppe dans le giron de sa symphonie g\u00e9n\u00e9rative. Si parfois le silence n&rsquo;est plus qu&rsquo;un lointain souvenir au c\u0153ur de la ville, \u00e0 moins de l&rsquo;abandonner pour d\u2019autres g\u00e9o-phonies, les sons qui rythment nos existences &#8211; autant qu&rsquo;une respiration &#8211; laissent des traces ind\u00e9l\u00e9biles dans nos m\u00e9moires.<\/p>\n<div style=\"text-align: justify;\">\n<p><em><strong>Topographies imaginaires<\/strong><\/em> part \u00e0 la rencontre d&rsquo;artistes sonores, et tente de mettre en \u00e9vidence l&rsquo;influence que la vie a pu avoir sur leur cr\u00e9ation.<\/p>\n<\/div>\n<div style=\"text-align: justify;\">Ces documentaires d\u00e9peignent des portraits transversaux d&rsquo;artistes sonores, aux disciplines contrast\u00e9es. Pourquoi transversaux? Parce que se m\u00e9langent le souvenir, l&rsquo;intime, l&rsquo;int\u00e9riorit\u00e9, et l&rsquo;exp\u00e9rience, l&#8217;empirisme acquis sur le terrain et gr\u00e2ce \u00e0 des \u00e9l\u00e9ments ext\u00e9rieurs&#8230; Que ce soit la famille, des rencontres, les lieux de naissance, la scolarit\u00e9&#8230; Je pars de longs entretiens (entre 90 et 120 minutes), que je resserre au maximum (20 minutes) pour obtenir un profil de l&rsquo;artiste totalement libre, sans besoin de chronologie, de discours officiel. Ce profil repose donc &#8211; vu la contraction temporelle &#8211; autant sur ce qui est dit que sur les intonations, sur la d\u00e9couverte de la voix et du d\u00e9bit de parole. L&rsquo;auditeur passe du tableau d&rsquo;ensemble \u00e0 des points de d\u00e9tails, au plus pr\u00e8s de l&rsquo;interlocuteur.<\/div>\n<p>&nbsp;<\/p>\n<div style=\"text-align: justify;\"><\/div>\n<div style=\"text-align: justify;\">Chaque artiste m&rsquo;a procur\u00e9 un petit bonus: une lecture de texte (un po\u00e8me de K\u00fcpper, une longue lecture de Baudouin Oosterlynck \u00e0 propos de ses probl\u00e8mes de sant\u00e9&#8230; mis en parall\u00e8le avec sa vie), une improvisation au violon au milieu des bois par grand froid (de Jaer), un audio collage avec des sons environnementaux (Codenys).<\/div>\n<p>&nbsp;<\/p>\n<div style=\"text-align: justify;\"><\/div>\n<div style=\"text-align: justify;\">Une fois le montage fini, j&rsquo;ai improvis\u00e9\/cr\u00e9\u00e9 des strates musicales r\u00e9pondant, subjectivement, aux r\u00e9cits et \u00e0 l&rsquo;univers musical de chacun (parfois les \u00ab\u00a0utilisant\u00a0\u00bb). Ces impros rendent l&rsquo;ensemble organique&#8230; Je suis volontairement dans une zone interm\u00e9diaire entre le documentaire (concret) et la cr\u00e9ation radiophonique (abstraite).<\/div>\n<p>&nbsp;<\/p>\n<div><\/div>\n<div><\/div>\n<div style=\"text-align: justify;\">R\u00e9alis\u00e9 par <strong>Gauthier Keyaerts<\/strong> avec l\u2019aide d\u2019<strong>Adeline Weckmans<\/strong>.<\/div>\n<div>\n<p>Projet soutenu par Radio Campus Bruxelles et financ\u00e9 par le <em>Fonds d\u2019aide \u00e0 la cr\u00e9ation radiophonique de la F\u00e9d\u00e9ration Wallonie-Bruxelles.<\/em><\/p>\n<\/div>\n<p><span style=\"text-decoration: underline;\"><strong>Leo K\u00fcpper :<\/strong><\/span><\/p>\n<p><iframe loading=\"lazy\" src=\"https:\/\/w.soundcloud.com\/player\/?url=https%3A\/\/api.soundcloud.com\/tracks\/720450271&amp;color=%23ff5500&amp;auto_play=false&amp;hide_related=false&amp;show_comments=true&amp;show_user=true&amp;show_reposts=false&amp;show_teaser=true\" width=\"100%\" height=\"166\" frameborder=\"no\" scrolling=\"no\" data-mce-fragment=\"1\"><\/iframe><\/p>\n<p><span style=\"text-decoration: underline;\"><strong>Baudoin Oosterlynck :<\/strong><\/span><\/p>\n<p><iframe loading=\"lazy\" src=\"https:\/\/w.soundcloud.com\/player\/?url=https%3A\/\/api.soundcloud.com\/tracks\/720450196&amp;color=%23ff5500&amp;auto_play=false&amp;hide_related=false&amp;show_comments=true&amp;show_user=true&amp;show_reposts=false&amp;show_teaser=true\" width=\"100%\" height=\"166\" frameborder=\"no\" scrolling=\"no\" data-mce-fragment=\"1\"><\/iframe><\/p>\n<p><strong><span style=\"text-decoration: underline;\">Baudouin de Jaer :<\/span><br \/>\n<\/strong><\/p>\n<p><iframe loading=\"lazy\" src=\"https:\/\/w.soundcloud.com\/player\/?url=https%3A\/\/api.soundcloud.com\/tracks\/720447901&amp;color=%23ff5500&amp;auto_play=false&amp;hide_related=false&amp;show_comments=true&amp;show_user=true&amp;show_reposts=false&amp;show_teaser=true\" width=\"100%\" height=\"166\" frameborder=\"no\" scrolling=\"no\" data-mce-fragment=\"1\"><\/iframe><\/p>\n<p><span style=\"text-decoration: underline;\"><strong>Patrick Codenys :<\/strong><\/span><\/p>\n<p><iframe loading=\"lazy\" src=\"https:\/\/w.soundcloud.com\/player\/?url=https%3A\/\/api.soundcloud.com\/tracks\/720441280&amp;color=%23ff5500&amp;auto_play=false&amp;hide_related=false&amp;show_comments=true&amp;show_user=true&amp;show_reposts=false&amp;show_teaser=true\" width=\"100%\" height=\"166\" frameborder=\"no\" scrolling=\"no\" data-mce-fragment=\"1\"><\/iframe><\/p>\n<p>&nbsp;<\/p>\n<p>&nbsp;<\/p>\n","protected":false},"excerpt":{"rendered":"<p>&nbsp; Trafic, chants d&rsquo;oiseaux, craquements de branches et de feuilles, sonneries de gsm suivies de conversations impromptues, cris \u2013 de joie, de tristesse, de col\u00e8re &#8211; , \u00e9coute de soi\u2026 Au quotidien, le son nous enveloppe dans le giron de sa symphonie g\u00e9n\u00e9rative. Si parfois le silence n&rsquo;est plus qu&rsquo;un lointain souvenir au c\u0153ur de [&hellip;]<\/p>\n","protected":false},"author":1,"featured_media":0,"parent":0,"menu_order":0,"comment_status":"closed","ping_status":"closed","template":"","meta":{"footnotes":""},"class_list":["post-646","page","type-page","status-publish","hentry"],"jetpack_sharing_enabled":true,"_links":{"self":[{"href":"https:\/\/gauthierkeyaerts.com\/blog\/wp-json\/wp\/v2\/pages\/646","targetHints":{"allow":["GET"]}}],"collection":[{"href":"https:\/\/gauthierkeyaerts.com\/blog\/wp-json\/wp\/v2\/pages"}],"about":[{"href":"https:\/\/gauthierkeyaerts.com\/blog\/wp-json\/wp\/v2\/types\/page"}],"author":[{"embeddable":true,"href":"https:\/\/gauthierkeyaerts.com\/blog\/wp-json\/wp\/v2\/users\/1"}],"replies":[{"embeddable":true,"href":"https:\/\/gauthierkeyaerts.com\/blog\/wp-json\/wp\/v2\/comments?post=646"}],"version-history":[{"count":0,"href":"https:\/\/gauthierkeyaerts.com\/blog\/wp-json\/wp\/v2\/pages\/646\/revisions"}],"wp:attachment":[{"href":"https:\/\/gauthierkeyaerts.com\/blog\/wp-json\/wp\/v2\/media?parent=646"}],"curies":[{"name":"wp","href":"https:\/\/api.w.org\/{rel}","templated":true}]}}