{"id":623,"date":"2019-11-29T19:14:42","date_gmt":"2019-11-29T18:14:42","guid":{"rendered":"https:\/\/gauthierkeyaerts.com\/blog\/?page_id=623"},"modified":"2019-12-22T13:15:42","modified_gmt":"2019-12-22T12:15:42","slug":"creations-radiophoniques","status":"publish","type":"page","link":"https:\/\/gauthierkeyaerts.com\/blog\/creations-radiophoniques\/","title":{"rendered":"Cr\u00e9ations radio"},"content":{"rendered":"<p style=\"text-align: justify;\">J&rsquo;explore depuis plusieurs ann\u00e9es cet espace d&rsquo;expression de mani\u00e8re assez libre. Je m\u00eale les genres : documentaire \/ portrait \/ composition musicale&#8230; A chaque projet j&rsquo;explore de nouvelles techniques,\u00a0 le plus subjectivement possible afin de proposer de la mani\u00e8re la plus adapt\u00e9e (pour moi) chaque nouveau \u00ab\u00a0chantier\u00a0\u00bb.<\/p>\n<p>Plut\u00f4t que de faire un long discours, je vais rassembler toutes mes archives dans cette section.<\/p>\n<p>&nbsp;<\/p>\n<p><img data-recalc-dims=\"1\" loading=\"lazy\" decoding=\"async\" class=\"alignnone wp-image-1003 size-full\" src=\"https:\/\/i0.wp.com\/gauthierkeyaerts.com\/blog\/wp-content\/uploads\/2019\/12\/UNADJUSTEDNONRAW_thumb_757b.jpg?resize=648%2C485&#038;ssl=1\" alt=\"\" width=\"648\" height=\"485\" srcset=\"https:\/\/i0.wp.com\/gauthierkeyaerts.com\/blog\/wp-content\/uploads\/2019\/12\/UNADJUSTEDNONRAW_thumb_757b.jpg?w=1024&amp;ssl=1 1024w, https:\/\/i0.wp.com\/gauthierkeyaerts.com\/blog\/wp-content\/uploads\/2019\/12\/UNADJUSTEDNONRAW_thumb_757b.jpg?resize=300%2C225&amp;ssl=1 300w, https:\/\/i0.wp.com\/gauthierkeyaerts.com\/blog\/wp-content\/uploads\/2019\/12\/UNADJUSTEDNONRAW_thumb_757b.jpg?resize=768%2C575&amp;ssl=1 768w\" sizes=\"auto, (max-width: 648px) 100vw, 648px\" \/><\/p>\n<p>&nbsp;<\/p>\n","protected":false},"excerpt":{"rendered":"<p>J&rsquo;explore depuis plusieurs ann\u00e9es cet espace d&rsquo;expression de mani\u00e8re assez libre. Je m\u00eale les genres : documentaire \/ portrait \/ composition musicale&#8230; A chaque projet j&rsquo;explore de nouvelles techniques,\u00a0 le plus subjectivement possible afin de proposer de la mani\u00e8re la plus adapt\u00e9e (pour moi) chaque nouveau \u00ab\u00a0chantier\u00a0\u00bb. Plut\u00f4t que de faire un long discours, je [&hellip;]<\/p>\n","protected":false},"author":1,"featured_media":0,"parent":0,"menu_order":0,"comment_status":"closed","ping_status":"closed","template":"","meta":{"footnotes":""},"class_list":["post-623","page","type-page","status-publish","hentry"],"jetpack_sharing_enabled":true,"_links":{"self":[{"href":"https:\/\/gauthierkeyaerts.com\/blog\/wp-json\/wp\/v2\/pages\/623","targetHints":{"allow":["GET"]}}],"collection":[{"href":"https:\/\/gauthierkeyaerts.com\/blog\/wp-json\/wp\/v2\/pages"}],"about":[{"href":"https:\/\/gauthierkeyaerts.com\/blog\/wp-json\/wp\/v2\/types\/page"}],"author":[{"embeddable":true,"href":"https:\/\/gauthierkeyaerts.com\/blog\/wp-json\/wp\/v2\/users\/1"}],"replies":[{"embeddable":true,"href":"https:\/\/gauthierkeyaerts.com\/blog\/wp-json\/wp\/v2\/comments?post=623"}],"version-history":[{"count":0,"href":"https:\/\/gauthierkeyaerts.com\/blog\/wp-json\/wp\/v2\/pages\/623\/revisions"}],"wp:attachment":[{"href":"https:\/\/gauthierkeyaerts.com\/blog\/wp-json\/wp\/v2\/media?parent=623"}],"curies":[{"name":"wp","href":"https:\/\/api.w.org\/{rel}","templated":true}]}}