{"id":588,"date":"2019-11-29T14:36:38","date_gmt":"2019-11-29T13:36:38","guid":{"rendered":"https:\/\/gauthierkeyaerts.com\/blog\/?page_id=588"},"modified":"2020-01-04T14:38:55","modified_gmt":"2020-01-04T13:38:55","slug":"musique","status":"publish","type":"page","link":"https:\/\/gauthierkeyaerts.com\/blog\/musique\/","title":{"rendered":"Musique"},"content":{"rendered":"<p style=\"text-align: justify;\">La musique a toujours fait partie de ma vie, sans pour autant m&rsquo;y \u00eatre adonn\u00e9 acad\u00e9miquement. Parfois je le regrette, mais tr\u00e8s peu souvent.<\/p>\n<p style=\"text-align: justify;\">Personnellement je m&rsquo;en remets \u00e0 l&rsquo;instinct, \u00e0 l&rsquo;instant, \u00e0 l&rsquo;improvisation, au langage du corps en mouvement. De plus en plus en tout cas.<\/p>\n<p style=\"text-align: justify;\">Que ce soit lors de spectacles avec une partie de la B.O. pr\u00e9-enregistr\u00e9e, lors de collaborations \u00e9ph\u00e9m\u00e8res avec des po\u00e8tes ou d&rsquo;autres musiciens, je crois \u00e0 l&rsquo;instant, \u00e0 la n\u00e9gociation musicale \u00ab\u00a0g\u00e9n\u00e9rative\u00a0\u00bb o\u00f9 tout devient une source d&rsquo;inspiration : le son, l&rsquo;instrument, l\u2019humeur du jour, l&rsquo;artiste avec qui la sc\u00e8ne est partag\u00e9e, l&rsquo;\u00e9clairage, le public, l\u2019acoustique et l&rsquo;architecture du lieu, un geste furtif&#8230;<\/p>\n<p style=\"text-align: justify;\">Je me rends compte avec le temps que je suis fascin\u00e9 et principalement stimul\u00e9 par la mati\u00e8re sonore (plus que par l\u2019harmonie normative) et le rapport espace \/ son. Chaque \u00e9motion, chaque sens mis \u00e0 contribution, chaque interaction sociale, chaque moment d&rsquo;ombre et de lumi\u00e8re, etc. constituent de pr\u00e9cieuses sources d\u2019inspiration.<\/p>\n<p style=\"text-align: justify;\">La vie est probablement la plus inspirante des partitions.<\/p>\n<p>&nbsp;<\/p>\n<p><img data-recalc-dims=\"1\" loading=\"lazy\" decoding=\"async\" class=\"wp-image-2117 size-large aligncenter\" src=\"https:\/\/i0.wp.com\/gauthierkeyaerts.com\/blog\/wp-content\/uploads\/2020\/01\/UNADJUSTEDNONRAW_thumb_66f6.jpg?resize=648%2C648&#038;ssl=1\" alt=\"\" width=\"648\" height=\"648\" srcset=\"https:\/\/i0.wp.com\/gauthierkeyaerts.com\/blog\/wp-content\/uploads\/2020\/01\/UNADJUSTEDNONRAW_thumb_66f6.jpg?w=1024&amp;ssl=1 1024w, https:\/\/i0.wp.com\/gauthierkeyaerts.com\/blog\/wp-content\/uploads\/2020\/01\/UNADJUSTEDNONRAW_thumb_66f6.jpg?resize=300%2C300&amp;ssl=1 300w, https:\/\/i0.wp.com\/gauthierkeyaerts.com\/blog\/wp-content\/uploads\/2020\/01\/UNADJUSTEDNONRAW_thumb_66f6.jpg?resize=150%2C150&amp;ssl=1 150w, https:\/\/i0.wp.com\/gauthierkeyaerts.com\/blog\/wp-content\/uploads\/2020\/01\/UNADJUSTEDNONRAW_thumb_66f6.jpg?resize=768%2C768&amp;ssl=1 768w, https:\/\/i0.wp.com\/gauthierkeyaerts.com\/blog\/wp-content\/uploads\/2020\/01\/UNADJUSTEDNONRAW_thumb_66f6.jpg?resize=60%2C60&amp;ssl=1 60w\" sizes=\"auto, (max-width: 648px) 100vw, 648px\" \/><\/p>\n<p>&nbsp;<\/p>\n<p>&nbsp;<\/p>\n","protected":false},"excerpt":{"rendered":"<p>La musique a toujours fait partie de ma vie, sans pour autant m&rsquo;y \u00eatre adonn\u00e9 acad\u00e9miquement. Parfois je le regrette, mais tr\u00e8s peu souvent. Personnellement je m&rsquo;en remets \u00e0 l&rsquo;instinct, \u00e0 l&rsquo;instant, \u00e0 l&rsquo;improvisation, au langage du corps en mouvement. De plus en plus en tout cas. Que ce soit lors de spectacles avec une [&hellip;]<\/p>\n","protected":false},"author":1,"featured_media":0,"parent":0,"menu_order":0,"comment_status":"closed","ping_status":"closed","template":"","meta":{"footnotes":""},"class_list":["post-588","page","type-page","status-publish","hentry"],"jetpack_sharing_enabled":true,"_links":{"self":[{"href":"https:\/\/gauthierkeyaerts.com\/blog\/wp-json\/wp\/v2\/pages\/588","targetHints":{"allow":["GET"]}}],"collection":[{"href":"https:\/\/gauthierkeyaerts.com\/blog\/wp-json\/wp\/v2\/pages"}],"about":[{"href":"https:\/\/gauthierkeyaerts.com\/blog\/wp-json\/wp\/v2\/types\/page"}],"author":[{"embeddable":true,"href":"https:\/\/gauthierkeyaerts.com\/blog\/wp-json\/wp\/v2\/users\/1"}],"replies":[{"embeddable":true,"href":"https:\/\/gauthierkeyaerts.com\/blog\/wp-json\/wp\/v2\/comments?post=588"}],"version-history":[{"count":0,"href":"https:\/\/gauthierkeyaerts.com\/blog\/wp-json\/wp\/v2\/pages\/588\/revisions"}],"wp:attachment":[{"href":"https:\/\/gauthierkeyaerts.com\/blog\/wp-json\/wp\/v2\/media?parent=588"}],"curies":[{"name":"wp","href":"https:\/\/api.w.org\/{rel}","templated":true}]}}