{"id":472,"date":"2019-11-26T00:59:46","date_gmt":"2019-11-25T23:59:46","guid":{"rendered":"https:\/\/gauthierkeyaerts.com\/blog\/?page_id=472"},"modified":"2020-01-03T16:52:55","modified_gmt":"2020-01-03T15:52:55","slug":"archives","status":"publish","type":"page","link":"https:\/\/gauthierkeyaerts.com\/blog\/archives\/","title":{"rendered":"Archives"},"content":{"rendered":"<p style=\"text-align: justify;\">Si mes premi\u00e8res notes produites prirent la forme d\u2019\u00e9ructations vocales, et de coups de basse assez furieux, au sein de groupes punk, hardcore, garage rock et autres amusements un rien trash ou jazzy, je me suis lanc\u00e9 sur un tout autre terrain de jeu apr\u00e8s quelques ann\u00e9es de break.<\/p>\n<p style=\"text-align: justify;\">Voici trouverez dans la section <em>audio<\/em> de mes archives quelques exemples de ces projets musicaux, sur lesquels j&rsquo;ai travaill\u00e9 ces derni\u00e8res ann\u00e9es.<\/p>\n<p style=\"text-align: justify;\">Certains sont d\u00e9j\u00e0 assez anciens, en \u00ab\u00a0sommeil\u00a0\u00bb, d&rsquo;autres du moment, voire des chantiers en cours. J&rsquo;esp\u00e8re que vous prendrez autant de plaisir que moi \u00e0 parcourir cet ensemble volontairement h\u00e9t\u00e9roclite, passant de l&rsquo;electronica \u00e0 la \u00ab\u00a0post-pop\u00a0\u00bb, de le bande-son de film ou d&rsquo;installation \u00e0 la l\u2019improvisation&#8230; je me rends compte que j&rsquo;ai toujours \u00e9t\u00e9 passionn\u00e9 par les textures sonores, par le \u00ab\u00a0grain\u00a0\u00bb, par le souffle, la griffe, l&rsquo;organicit\u00e9, quel que soit le projet.<\/p>\n<p>&nbsp;<\/p>\n<p><img data-recalc-dims=\"1\" loading=\"lazy\" decoding=\"async\" class=\"aligncenter wp-image-487 size-full\" src=\"https:\/\/i0.wp.com\/gauthierkeyaerts.com\/blog\/wp-content\/uploads\/2019\/11\/Queb.jpg?resize=600%2C401&#038;ssl=1\" alt=\"\u00a0 Le Cercle, Qu\u00e9bec, Mars 2013.\" width=\"600\" height=\"401\" srcset=\"https:\/\/i0.wp.com\/gauthierkeyaerts.com\/blog\/wp-content\/uploads\/2019\/11\/Queb.jpg?w=600&amp;ssl=1 600w, https:\/\/i0.wp.com\/gauthierkeyaerts.com\/blog\/wp-content\/uploads\/2019\/11\/Queb.jpg?resize=300%2C201&amp;ssl=1 300w\" sizes=\"auto, (max-width: 600px) 100vw, 600px\" \/><\/p>\n<p>&nbsp;<\/p>\n<p style=\"text-align: justify;\">Autre constat qui me rend heureux, simplement, c&rsquo;est la joie ressentie lorsque je repense aux diverses collaboration au gr\u00e9 desquelles j&rsquo;ai crois\u00e9 des partenaires de jeu sonore qui m&rsquo;ont toutes et tous offert la possibilit\u00e9 de grandir, de m&rsquo;\u00e9panouir, le temps d&rsquo;un partage musical ou \u00e0 travers leur vision de ma musique (un remix, un \u00ab\u00a0mash-up\u00a0\u00bb). Je tiens \u00e0 remercier en premier lieu mon bin\u00f4me, fr\u00e8re et ami Jean-Christophe Detrain (aka <a href=\"https:\/\/cv.faskil.com\/index_fr.html\">Faskil<\/a>)&#8230; nous\u00a0 avons laiss\u00e9 derri\u00e8re nous 4 albums, des 12&Prime; et autres morceaux pour des compilations sous le nom Bump and Grind (aka Bump&rsquo;n&rsquo;Grind, BNG&#8230;). Merci aussi \u00e0 Robin Rimbaud (aka <a href=\"http:\/\/scannerdot.com\/\">Scanner<\/a>), <a href=\"http:\/\/www.icidailleurs.com\/index.php?route=product\/category&amp;path=48\">Matt Elliot<\/a> (aka Third Eye Foundation), Christophe Monier (aka <a href=\"http:\/\/themicronauts.free.fr\/\">The Micronauts<\/a>), Jack Dangers (aka <a href=\"http:\/\/meatbeatmanifesto.com\/\">Meat Beat Manifesto<\/a>), Speedy J, Simon Pike (aka <a href=\"http:\/\/www.freefarm.co.uk\/\">Freeform<\/a>), <a href=\"https:\/\/langagecomputer.bandcamp.com\/releases\">Langage Computer<\/a>, Stefan Ink&#8230; Vous retrouverez une partie de ces noms au sein de ma <a href=\"https:\/\/gauthierkeyaerts.com\/blog\/discographie\/\">discographie<\/a>.<\/p>\n<p style=\"text-align: justify;\">Une derni\u00e8re section est consacr\u00e9e aux photos et aux vid\u00e9os, produites par des ami(e)s ou par moi-m\u00eame.<\/p>\n","protected":false},"excerpt":{"rendered":"<p>Si mes premi\u00e8res notes produites prirent la forme d\u2019\u00e9ructations vocales, et de coups de basse assez furieux, au sein de groupes punk, hardcore, garage rock et autres amusements un rien trash ou jazzy, je me suis lanc\u00e9 sur un tout autre terrain de jeu apr\u00e8s quelques ann\u00e9es de break. Voici trouverez dans la section audio [&hellip;]<\/p>\n","protected":false},"author":1,"featured_media":0,"parent":0,"menu_order":0,"comment_status":"closed","ping_status":"closed","template":"","meta":{"footnotes":""},"class_list":["post-472","page","type-page","status-publish","hentry"],"jetpack_sharing_enabled":true,"_links":{"self":[{"href":"https:\/\/gauthierkeyaerts.com\/blog\/wp-json\/wp\/v2\/pages\/472","targetHints":{"allow":["GET"]}}],"collection":[{"href":"https:\/\/gauthierkeyaerts.com\/blog\/wp-json\/wp\/v2\/pages"}],"about":[{"href":"https:\/\/gauthierkeyaerts.com\/blog\/wp-json\/wp\/v2\/types\/page"}],"author":[{"embeddable":true,"href":"https:\/\/gauthierkeyaerts.com\/blog\/wp-json\/wp\/v2\/users\/1"}],"replies":[{"embeddable":true,"href":"https:\/\/gauthierkeyaerts.com\/blog\/wp-json\/wp\/v2\/comments?post=472"}],"version-history":[{"count":0,"href":"https:\/\/gauthierkeyaerts.com\/blog\/wp-json\/wp\/v2\/pages\/472\/revisions"}],"wp:attachment":[{"href":"https:\/\/gauthierkeyaerts.com\/blog\/wp-json\/wp\/v2\/media?parent=472"}],"curies":[{"name":"wp","href":"https:\/\/api.w.org\/{rel}","templated":true}]}}