{"id":2047,"date":"2020-01-03T17:43:14","date_gmt":"2020-01-03T16:43:14","guid":{"rendered":"https:\/\/gauthierkeyaerts.com\/blog\/?page_id=2047"},"modified":"2020-01-05T21:30:44","modified_gmt":"2020-01-05T20:30:44","slug":"interdisciplinaire-introduction","status":"publish","type":"page","link":"https:\/\/gauthierkeyaerts.com\/blog\/interdisciplinaire-introduction\/","title":{"rendered":"Ma d\u00e9marche"},"content":{"rendered":"<p style=\"text-align: justify;\">Je n&rsquo;ai pris conscience que tr\u00e8s r\u00e9cemment du fait que je pratique l&rsquo;art multi \/ interdisciplinaire depuis toujours. Du dessin \u00e0 la musique, de l&rsquo;\u00e9criture \u00e0 la photographie, de l&rsquo;installation \u00e0 la performance improvis\u00e9e, de la vid\u00e9o \u00e0 la sc\u00e9nographie&#8230; J&rsquo;ai toujours m\u00e9lang\u00e9 &#8211; de mani\u00e8re fluide et naturelle &#8211; diff\u00e9rentes formes d&rsquo;art. Je me suis \u00e9galement rendu compte que ma pens\u00e9e \u00ab\u00a0hyperactive\u00a0\u00bb a besoin de partir en tous sens, d&rsquo;analyser un probl\u00e8me sous une multitude d&rsquo;angles, avant de choisir une approche qui me convienne. Ce qui en soi peut para\u00eetre \u00ab\u00a0\u00e9pars\u00a0\u00bb, dispers\u00e9, mais il y a une logique et une continuit\u00e9 dans tout ce que je produis. Je tente d&rsquo;adapter la forme de chaque nouveau projet \u00e0 son contenu de base, que ce soit un hommage \u00e0 Brian Eno ou Richard Brautigan, une installation produite &#8211; in situ &#8211; \u00e0 Huy, une performance \u00e0 Taipei , Qu\u00e9bec ou Casablanca, l&rsquo;adaptation d&rsquo;un essai de Bruno Geneste, la restitution de ma passion pour le cin\u00e9ma de \u00ab\u00a0traverses\u00a0\u00bb, voire les nombreuses collaborations qui jalonnent mon parcours. C&rsquo;est \u00e0 la fois une recherche d&rsquo;ad\u00e9quation avec les choix de travail, mais aussi une question d&rsquo;\u00e9quilibre.<\/p>\n<p>&nbsp;<br \/>\n&#8211; <a href=\"https:\/\/gauthierkeyaerts.com\/blog\/lhomme-de-lecume\/\">L&rsquo;homme de l&rsquo;\u00e9cume<\/a> ;<\/p>\n<p>&#8211; <a href=\"https:\/\/gauthierkeyaerts.com\/blog\/boo-forever\/\">Boo Forever\u2026 \u00e0 propos de Richard Brautigan<\/a> ;<\/p>\n<p>&#8211; <a href=\"https:\/\/gauthierkeyaerts.com\/blog\/fragments-43-44\/\">Fragments#43-44<\/a>.<br \/>\n&nbsp;<\/p>\n<p><img data-recalc-dims=\"1\" loading=\"lazy\" decoding=\"async\" class=\"alignnone wp-image-1915 size-full\" src=\"https:\/\/i0.wp.com\/gauthierkeyaerts.com\/blog\/wp-content\/uploads\/2019\/12\/UNADJUSTEDNONRAW_thumb_2a97.jpg?resize=648%2C486&#038;ssl=1\" alt=\"Gauthier Keyaerts - mat\u00e9riel\" width=\"648\" height=\"486\" srcset=\"https:\/\/i0.wp.com\/gauthierkeyaerts.com\/blog\/wp-content\/uploads\/2019\/12\/UNADJUSTEDNONRAW_thumb_2a97.jpg?w=1024&amp;ssl=1 1024w, https:\/\/i0.wp.com\/gauthierkeyaerts.com\/blog\/wp-content\/uploads\/2019\/12\/UNADJUSTEDNONRAW_thumb_2a97.jpg?resize=300%2C225&amp;ssl=1 300w, https:\/\/i0.wp.com\/gauthierkeyaerts.com\/blog\/wp-content\/uploads\/2019\/12\/UNADJUSTEDNONRAW_thumb_2a97.jpg?resize=768%2C576&amp;ssl=1 768w\" sizes=\"auto, (max-width: 648px) 100vw, 648px\" \/><\/p>\n","protected":false},"excerpt":{"rendered":"<p>Je n&rsquo;ai pris conscience que tr\u00e8s r\u00e9cemment du fait que je pratique l&rsquo;art multi \/ interdisciplinaire depuis toujours. Du dessin \u00e0 la musique, de l&rsquo;\u00e9criture \u00e0 la photographie, de l&rsquo;installation \u00e0 la performance improvis\u00e9e, de la vid\u00e9o \u00e0 la sc\u00e9nographie&#8230; J&rsquo;ai toujours m\u00e9lang\u00e9 &#8211; de mani\u00e8re fluide et naturelle &#8211; diff\u00e9rentes formes d&rsquo;art. Je me [&hellip;]<\/p>\n","protected":false},"author":1,"featured_media":0,"parent":0,"menu_order":0,"comment_status":"closed","ping_status":"closed","template":"","meta":{"footnotes":""},"class_list":["post-2047","page","type-page","status-publish","hentry"],"jetpack_sharing_enabled":true,"_links":{"self":[{"href":"https:\/\/gauthierkeyaerts.com\/blog\/wp-json\/wp\/v2\/pages\/2047","targetHints":{"allow":["GET"]}}],"collection":[{"href":"https:\/\/gauthierkeyaerts.com\/blog\/wp-json\/wp\/v2\/pages"}],"about":[{"href":"https:\/\/gauthierkeyaerts.com\/blog\/wp-json\/wp\/v2\/types\/page"}],"author":[{"embeddable":true,"href":"https:\/\/gauthierkeyaerts.com\/blog\/wp-json\/wp\/v2\/users\/1"}],"replies":[{"embeddable":true,"href":"https:\/\/gauthierkeyaerts.com\/blog\/wp-json\/wp\/v2\/comments?post=2047"}],"version-history":[{"count":0,"href":"https:\/\/gauthierkeyaerts.com\/blog\/wp-json\/wp\/v2\/pages\/2047\/revisions"}],"wp:attachment":[{"href":"https:\/\/gauthierkeyaerts.com\/blog\/wp-json\/wp\/v2\/media?parent=2047"}],"curies":[{"name":"wp","href":"https:\/\/api.w.org\/{rel}","templated":true}]}}